{"id":42,"date":"2019-11-27T12:58:53","date_gmt":"2019-11-27T12:58:53","guid":{"rendered":"http:\/\/el.commonsupport.com\/newwp\/dento\/?page_id=42"},"modified":"2021-03-29T17:47:15","modified_gmt":"2021-03-29T20:47:15","slug":"contato","status":"publish","type":"page","link":"https:\/\/irosradiologiadigital.com.br\/index.php\/contato\/","title":{"rendered":"Contato"},"content":{"rendered":"\t\t<div data-elementor-type=\"wp-page\" data-elementor-id=\"42\" class=\"elementor elementor-42\" data-elementor-settings=\"[]\">\n\t\t\t<div class=\"elementor-inner\">\n\t\t\t\t<div class=\"elementor-section-wrap\">\n\t\t\t\t\t\t\t<section class=\"elementor-element elementor-element-7150f58 elementor-section-boxed elementor-section-height-default elementor-section-height-default elementor-section elementor-top-section\" data-id=\"7150f58\" data-element_type=\"section\">\n\t\t\t\t\t\t<div class=\"elementor-container elementor-column-gap-default\">\n\t\t\t\t<div class=\"elementor-row\">\n\t\t\t\t<div class=\"elementor-element elementor-element-37ed7c4 elementor-column elementor-col-100 elementor-top-column\" data-id=\"37ed7c4\" data-element_type=\"column\">\n\t\t\t<div class=\"elementor-column-wrap  elementor-element-populated\">\n\t\t\t\t\t<div class=\"elementor-widget-wrap\">\n\t\t\t\t<div class=\"elementor-element elementor-element-80b3db8 elementor-widget elementor-widget-dento_contact_info\" data-id=\"80b3db8\" data-element_type=\"widget\" data-widget_type=\"dento_contact_info.default\">\n\t\t\t\t<div class=\"elementor-widget-container\">\n\t\t\t        \t\r\n            <!--Start Contact info map area-->\r\n            <section class=\"contact-info-map-area\">\r\n                <div class=\"container\">\r\n                    <div class=\"sec-title max-width text-center\">\r\n                        <h1>Estamos aqui para te ajudar.<\/h1>\r\n                    <\/div>\r\n                    <div class=\"row\">\r\n                        <div class=\"col-xl-12\">\r\n                            <div class=\"contact-info-map\">\r\n                                <div class=\"row\">\r\n                                    <div class=\"col-xl-4\">\r\n                                        <div class=\"contact-info-left\">\r\n                                            <div class=\"contact-title\">\r\n                                                <h2>Atendimento<\/h2>\r\n                                                <p>Segunda \u00e0 Sexta: 8h30 \u00e0s 18h30<br>S\u00e1bado: 8h30 \u00e0s 13h30<\/p>\r\n                                            <\/div>\r\n                                            <div class=\"state-select-box2\">\r\n                                                <select class=\"selectmenu area_select\">\r\n                                                                                                        <option value=\"1\">Suzano - SP<\/option>\r\n                                                                                                    <\/select>\r\n                                                <div class=\"state-content\">\r\n                                                                                                        <div class=\"state\" id=\"value1\">\r\n                                                        <ul>\r\n                                                            <li>\r\n                                                                <div class=\"text\">\r\n                                                                    <h5>Address<\/h5>\r\n                                                                    <p><h4>Endere\u00e7o<\/h4>\nR. Gen. Francisco Glic\u00e9rio, 684<br>\nSuzano - Centro <br>\nCEP: 08674-000<\/p>\r\n                                                                <\/div>\r\n                                                            <\/li>\r\n                                                            <li>\r\n                                                                <div class=\"text\">\r\n                                                                    <h5>Telefone<\/h5>\r\n                                                                    <p><h4>Telefone<\/h4>\n(11) 4742-2171<\/p>\r\n                                                                <\/div>\r\n                                                            <\/li>\r\n                                                            <li>\r\n                                                                <div class=\"text\">\r\n                                                                    <h5>Email<\/h5>\r\n                                                                    <p><h4>Email<\/h4>irosradiologia@hotmail.com<\/p>\r\n                                                                <\/div>\r\n                                                            <\/li>\r\n                                                        <\/ul>\r\n                                                    <\/div>\r\n                                                                                                    <\/div>   \r\n                                            <\/div>\r\n                                        <\/div>\r\n                                    <\/div>\r\n                                    <div class=\"col-xl-8\">\r\n                                        <div class=\"google-map-box\">\r\n                                            <iframe src=\"https:\/\/www.google.com\/maps\/embed?pb=!1m18!1m12!1m3!1d3657.780322689056!2d-46.312463185022615!3d-23.540402284693325!2m3!1f0!2f0!3f0!3m2!1i1024!2i768!4f13.1!3m3!1m2!1s0x94ce7a71e43e5271%3A0x8306e156daf8b5ba!2sR.%20Gen.%20Francisco%20Glic%C3%A9rio%2C%20684%20-%20Centro%2C%20Suzano%20-%20SP%2C%2008674-000!5e0!3m2!1spt-BR!2sbr!4v1616513143385!5m2!1spt-BR!2sbr\" width=\"600\" height=\"450\" style=\"border:0;\" allowfullscreen=\"\" loading=\"lazy\"><\/iframe>  \r\n                                        <\/div> \r\n                                    <\/div>\r\n                                <\/div>\r\n                            <\/div>\r\n                        <\/div>\r\n                    <\/div>\r\n                <\/div>\r\n            <\/section>      \r\n            <!--End Contact info map area--> \r\n            \r\n\t\t\t\t<\/div>\n\t\t\t\t<\/div>\n\t\t\t\t\t\t<\/div>\n\t\t\t<\/div>\n\t\t<\/div>\n\t\t\t\t\t\t<\/div>\n\t\t\t<\/div>\n\t\t<\/section>\n\t\t\t\t<section class=\"elementor-element elementor-element-d6e588e elementor-section-boxed elementor-section-height-default elementor-section-height-default elementor-section elementor-top-section\" data-id=\"d6e588e\" data-element_type=\"section\">\n\t\t\t\t\t\t<div class=\"elementor-container elementor-column-gap-default\">\n\t\t\t\t<div class=\"elementor-row\">\n\t\t\t\t<div class=\"elementor-element elementor-element-8e3ac88 elementor-column elementor-col-100 elementor-top-column\" data-id=\"8e3ac88\" data-element_type=\"column\">\n\t\t\t<div class=\"elementor-column-wrap  elementor-element-populated\">\n\t\t\t\t\t<div class=\"elementor-widget-wrap\">\n\t\t\t\t<div class=\"elementor-element elementor-element-88159da elementor-widget elementor-widget-dento_contact_form\" data-id=\"88159da\" data-element_type=\"widget\" data-widget_type=\"dento_contact_form.default\">\n\t\t\t\t<div class=\"elementor-widget-container\">\n\t\t\t        \r\n        <!--Start contact form area-->\r\n        <section class=\"contact-form-area\">\r\n            <div class=\"container\">\r\n                <div class=\"row\">\r\n                    <div class=\"col-xl-12 col-lg-12 col-md-12 col-sm-12\">\r\n                        <div class=\"contact-form\">\r\n                            <div class=\"contact-title\">\r\n                                <h2>Nos envie uma mensagem<\/h2>\r\n                                <p>Entre em contato conosco atrav\u00e9s do formul\u00e1rio abaixo. Ser\u00e1 um prazer atende-lo!<\/p>\r\n                            <\/div>\r\n                            <div id=\"contact-form\" class=\"default-form\">\r\n                                <div role=\"form\" class=\"wpcf7\" id=\"wpcf7-f423-o1\" lang=\"en-US\" dir=\"ltr\">\n<div class=\"screen-reader-response\" role=\"alert\" aria-live=\"polite\"><\/div>\n<form action=\"\/index.php\/wp-json\/wp\/v2\/pages\/42#wpcf7-f423-o1\" method=\"post\" class=\"wpcf7-form init\" novalidate=\"novalidate\">\n<div style=\"display: none;\">\n<input type=\"hidden\" name=\"_wpcf7\" value=\"423\" \/>\n<input type=\"hidden\" name=\"_wpcf7_version\" value=\"5.2.1\" \/>\n<input type=\"hidden\" name=\"_wpcf7_locale\" value=\"en_US\" \/>\n<input type=\"hidden\" name=\"_wpcf7_unit_tag\" value=\"wpcf7-f423-o1\" \/>\n<input type=\"hidden\" name=\"_wpcf7_container_post\" value=\"0\" \/>\n<input type=\"hidden\" name=\"_wpcf7_posted_data_hash\" value=\"\" \/>\n<\/div>\n<div class=\"row\">\n<div class=\"col-md-6\">\n<div class=\"input-box\">\n<span class=\"wpcf7-form-control-wrap text-266\"><input type=\"text\" name=\"text-266\" value=\"\" size=\"40\" class=\"wpcf7-form-control wpcf7-text wpcf7-validates-as-required\" aria-required=\"true\" aria-invalid=\"false\" placeholder=\"Seu Nome*\" \/><\/span>\n<\/div>\n<div class=\"input-box\">\n<span class=\"wpcf7-form-control-wrap email-834\"><input type=\"email\" name=\"email-834\" value=\"\" size=\"40\" class=\"wpcf7-form-control wpcf7-text wpcf7-email wpcf7-validates-as-required wpcf7-validates-as-email\" aria-required=\"true\" aria-invalid=\"false\" placeholder=\"Seu Email*\" \/><\/span>\n<\/div>\n<div class=\"input-box\">\n<span class=\"wpcf7-form-control-wrap text-267\"><input type=\"text\" name=\"text-267\" value=\"\" size=\"40\" class=\"wpcf7-form-control wpcf7-text\" aria-invalid=\"false\" placeholder=\"Telefone\" \/><\/span>\n<\/div>\n<\/div>\n<div class=\"col-md-6\">\n<div class=\"input-box\">\n<span class=\"wpcf7-form-control-wrap textarea-547\"><textarea name=\"textarea-547\" cols=\"40\" rows=\"10\" class=\"wpcf7-form-control wpcf7-textarea\" aria-invalid=\"false\" placeholder=\"Mensagem...\"><\/textarea><\/span>\n<\/div>\n<div class=\"button-box\">\n<input type=\"submit\" value=\"Enviar\" class=\"wpcf7-form-control wpcf7-submit btn-one\" \/>\n<\/div>\n<\/div>\n<\/div>\n<div class=\"wpcf7-response-output\" role=\"alert\" aria-hidden=\"true\"><\/div><\/form><\/div>                            <\/div>\r\n                        <\/div>\r\n                    <\/div>\r\n                <\/div>\r\n            <\/div>\r\n        <\/section>\r\n        <!--End contact form area-->\r\n          \r\n\t\t\t\t<\/div>\n\t\t\t\t<\/div>\n\t\t\t\t\t\t<\/div>\n\t\t\t<\/div>\n\t\t<\/div>\n\t\t\t\t\t\t<\/div>\n\t\t\t<\/div>\n\t\t<\/section>\n\t\t\t\t\t\t<\/div>\n\t\t\t<\/div>\n\t\t<\/div>\n\t\t","protected":false},"excerpt":{"rendered":"<p>Estamos aqui para te ajudar. Atendimento Segunda \u00e0 Sexta: 8h30 \u00e0s 18h30S\u00e1bado: 8h30 \u00e0s 13h30 Suzano &#8211; SP Address Endere\u00e7o R. Gen. Francisco Glic\u00e9rio, 684 Suzano &#8211; Centro CEP: 08674-000 Telefone Telefone (11) 4742-2171 Email Email irosradiologia@hotmail.com Nos envie uma mensagem Entre em contato conosco atrav\u00e9s do formul\u00e1rio abaixo. Ser\u00e1 um prazer atende-lo!<\/p>\n","protected":false},"author":1,"featured_media":0,"parent":0,"menu_order":0,"comment_status":"closed","ping_status":"closed","template":"tpl-default-elementor.php","meta":[],"_links":{"self":[{"href":"https:\/\/irosradiologiadigital.com.br\/index.php\/wp-json\/wp\/v2\/pages\/42"}],"collection":[{"href":"https:\/\/irosradiologiadigital.com.br\/index.php\/wp-json\/wp\/v2\/pages"}],"about":[{"href":"https:\/\/irosradiologiadigital.com.br\/index.php\/wp-json\/wp\/v2\/types\/page"}],"author":[{"embeddable":true,"href":"https:\/\/irosradiologiadigital.com.br\/index.php\/wp-json\/wp\/v2\/users\/1"}],"replies":[{"embeddable":true,"href":"https:\/\/irosradiologiadigital.com.br\/index.php\/wp-json\/wp\/v2\/comments?post=42"}],"version-history":[{"count":10,"href":"https:\/\/irosradiologiadigital.com.br\/index.php\/wp-json\/wp\/v2\/pages\/42\/revisions"}],"predecessor-version":[{"id":1333,"href":"https:\/\/irosradiologiadigital.com.br\/index.php\/wp-json\/wp\/v2\/pages\/42\/revisions\/1333"}],"wp:attachment":[{"href":"https:\/\/irosradiologiadigital.com.br\/index.php\/wp-json\/wp\/v2\/media?parent=42"}],"curies":[{"name":"wp","href":"https:\/\/api.w.org\/{rel}","templated":true}]}}