{"id":16,"date":"2019-11-27T12:54:18","date_gmt":"2019-11-27T12:54:18","guid":{"rendered":"http:\/\/el.commonsupport.com\/newwp\/dento\/?page_id=16"},"modified":"2021-03-29T13:44:21","modified_gmt":"2021-03-29T16:44:21","slug":"about-us","status":"publish","type":"page","link":"https:\/\/irosradiologiadigital.com.br\/index.php\/about-us\/","title":{"rendered":"Sobre"},"content":{"rendered":"\t\t<div data-elementor-type=\"wp-page\" data-elementor-id=\"16\" class=\"elementor elementor-16\" data-elementor-settings=\"[]\">\n\t\t\t<div class=\"elementor-inner\">\n\t\t\t\t<div class=\"elementor-section-wrap\">\n\t\t\t\t\t\t\t<section class=\"elementor-element elementor-element-696dc72 elementor-section-boxed elementor-section-height-default elementor-section-height-default elementor-section elementor-top-section\" data-id=\"696dc72\" data-element_type=\"section\">\n\t\t\t\t\t\t<div class=\"elementor-container elementor-column-gap-default\">\n\t\t\t\t<div class=\"elementor-row\">\n\t\t\t\t<div class=\"elementor-element elementor-element-7a6e24f elementor-column elementor-col-100 elementor-top-column\" data-id=\"7a6e24f\" data-element_type=\"column\">\n\t\t\t<div class=\"elementor-column-wrap\">\n\t\t\t\t\t<div class=\"elementor-widget-wrap\">\n\t\t\t\t\t\t<\/div>\n\t\t\t<\/div>\n\t\t<\/div>\n\t\t\t\t\t\t<\/div>\n\t\t\t<\/div>\n\t\t<\/section>\n\t\t\t\t<section class=\"elementor-element elementor-element-f322782 elementor-section-boxed elementor-section-height-default elementor-section-height-default elementor-section elementor-top-section\" data-id=\"f322782\" data-element_type=\"section\">\n\t\t\t\t\t\t<div class=\"elementor-container elementor-column-gap-default\">\n\t\t\t\t<div class=\"elementor-row\">\n\t\t\t\t<div class=\"elementor-element elementor-element-d6459e6 elementor-column elementor-col-100 elementor-top-column\" data-id=\"d6459e6\" data-element_type=\"column\">\n\t\t\t<div class=\"elementor-column-wrap  elementor-element-populated\">\n\t\t\t\t\t<div class=\"elementor-widget-wrap\">\n\t\t\t\t<div class=\"elementor-element elementor-element-581d3e9 elementor-widget elementor-widget-dento_about_us\" data-id=\"581d3e9\" data-element_type=\"widget\" data-widget_type=\"dento_about_us.default\">\n\t\t\t\t<div class=\"elementor-widget-container\">\n\t\t\t        \r\n        <!--Start About Area-->\r\n        <section class=\"about-area\">\r\n            <div class=\"container\">\r\n                <div class=\"row\">\r\n                    <div class=\"col-xl-6\">\r\n                        <div class=\"about-logo-box\">\r\n                            <div class=\"sec-title\">\r\n                                <h3>SOBRE<\/h3>\r\n                                <h1>Hist\u00f3ria sobre a IROS Radiologia Odontol\u00f3gica<\/h1>\r\n                            <\/div>\r\n                            <ul class=\"fix\">\r\n                               \t\t\t\t\t\t\t\t\t<li class=\"wow fadeInDown\" data-wow-delay=\"300ms\">\r\n                                    <img src=\"http:\/\/irosradiologiadigital.com.br\/wp-content\/uploads\/2020\/09\/Logo_Iros_06Ativo-15.png\" alt=\"Awesome Image\">\r\n                                <\/li>\r\n                                                            <\/ul>\r\n                        <\/div>    \r\n                    <\/div>\r\n                    <div class=\"col-xl-6\">\r\n                        <div class=\"about-text-holder\">\r\n                            \u201cInaugurada em outubro de 2001 a IROS-Radiologia e Documenta\u00e7\u00e3o Odontol\u00f3gica, hoje IROS-3D-Radiologia e Tomografia Odontol\u00f3gica, oferece os mais completos servi\u00e7os de odontologia diagn\u00f3stica de Suzano e Regi\u00e3o do Alto Tiet\u00ea.\nA qualidade dos exames realizados em equipamentos digitais de \u00faltima gera\u00e7\u00e3o, o foco no treinamento de sua equipe e sua localiza\u00e7\u00e3o s\u00e3o seus principais diferenciais. Al\u00e9m disso a tecnologia digital utilizada pela IROS-3D n\u00e3o usa produtos qu\u00edmicos e \u00e1gua na revela\u00e7\u00e3o dos filmes, preservando o meio ambiente.\nA IROS-3D realiza exames de Tomografias Computadorizadas Cone Beam (Alta Resolu\u00e7\u00e3o), Radiologia Digital intra (Periapicais) e extra bucais e Documenta\u00e7\u00f5es Ortod\u00f4nticas. A parceria entre a empresa e uma ampla rede de conv\u00eanios facilita o acesso dos seus clientes a  diversos exames\u201d.\n                            <div class=\"author-box fix\">\r\n                                <div class=\"img-box\">\r\n                                    <img src=\"https:\/\/irosradiologiadigital.com.br\/wp-content\/uploads\/2020\/08\/dce116cc-df3c-4cbd-9797-39b028fc7685.png\" alt=\"Awesome Image\">\r\n                                <\/div>\r\n                                <div class=\"text-box\">\r\n                                    <h3>Dr. Sandro <p>Magalh\u00e3es<\/h3>\r\n                                    <span>CEO &amp; Fundador<\/span>\r\n                                <\/div>\r\n                                <div class=\"signatire-box\">\r\n                                    <img src=\"https:\/\/irosradiologiadigital.com.br\/wp-content\/uploads\/2021\/03\/Captura-de-Tela-2021-03-23-a\u0300s-08.49.42.png\" alt=\"Awesome Image\">\r\n                                <\/div>\r\n                            <\/div>\r\n                            <div class=\"read-more\">\r\n                                <a class=\"btn-two\" href=\"\"><span class=\"flaticon-next\"><\/span><\/a>\r\n                            <\/div>\r\n                        <\/div>\r\n                    <\/div>\r\n                <\/div>\r\n            <\/div>\r\n        <\/section>\r\n        <!--End About Area-->\r\n            \r\n\t\t\t\t<\/div>\n\t\t\t\t<\/div>\n\t\t\t\t<div class=\"elementor-element elementor-element-fc5d10b elementor-widget elementor-widget-divider\" data-id=\"fc5d10b\" data-element_type=\"widget\" data-widget_type=\"divider.default\">\n\t\t\t\t<div class=\"elementor-widget-container\">\n\t\t\t\t\t<div class=\"elementor-divider\">\n\t\t\t<span class=\"elementor-divider-separator\">\n\t\t\t\t\t\t<\/span>\n\t\t<\/div>\n\t\t\t\t<\/div>\n\t\t\t\t<\/div>\n\t\t\t\t<div class=\"elementor-element elementor-element-5d7278b elementor-widget elementor-widget-spacer\" data-id=\"5d7278b\" data-element_type=\"widget\" data-widget_type=\"spacer.default\">\n\t\t\t\t<div class=\"elementor-widget-container\">\n\t\t\t\t\t<div class=\"elementor-spacer\">\n\t\t\t<div class=\"elementor-spacer-inner\"><\/div>\n\t\t<\/div>\n\t\t\t\t<\/div>\n\t\t\t\t<\/div>\n\t\t\t\t<section class=\"elementor-element elementor-element-76e04cb elementor-section-boxed elementor-section-height-default elementor-section-height-default elementor-section elementor-inner-section\" data-id=\"76e04cb\" data-element_type=\"section\">\n\t\t\t\t\t\t<div class=\"elementor-container elementor-column-gap-default\">\n\t\t\t\t<div class=\"elementor-row\">\n\t\t\t\t<div class=\"elementor-element elementor-element-aee8459 elementor-column elementor-col-33 elementor-inner-column\" data-id=\"aee8459\" data-element_type=\"column\">\n\t\t\t<div class=\"elementor-column-wrap  elementor-element-populated\">\n\t\t\t\t\t<div class=\"elementor-widget-wrap\">\n\t\t\t\t<div class=\"elementor-element elementor-element-b2a048b elementor-view-default elementor-position-top elementor-vertical-align-top elementor-widget elementor-widget-icon-box\" data-id=\"b2a048b\" data-element_type=\"widget\" data-widget_type=\"icon-box.default\">\n\t\t\t\t<div class=\"elementor-widget-container\">\n\t\t\t\t\t<div class=\"elementor-icon-box-wrapper\">\n\t\t\t\t\t\t<div class=\"elementor-icon-box-icon\">\n\t\t\t\t<span class=\"elementor-icon elementor-animation-\" >\n\t\t\t\t<i aria-hidden=\"true\" class=\"fas fa-bullseye\"><\/i>\t\t\t\t<\/span>\n\t\t\t<\/div>\n\t\t\t\t\t\t<div class=\"elementor-icon-box-content\">\n\t\t\t\t<h3 class=\"elementor-icon-box-title\">\n\t\t\t\t\t<span >MISS\u00c3O<\/span>\n\t\t\t\t<\/h3>\n\t\t\t\t\t\t\t\t<p class=\"elementor-icon-box-description\"><br>Oferecer os mais completos servi\u00e7os de Odontologia Diagn\u00f3stica, buscando sempre a satisfa\u00e7\u00e3o dos desejos e necessidades dos nossos clientes.<\/p>\n\t\t\t\t\t\t\t<\/div>\n\t\t<\/div>\n\t\t\t\t<\/div>\n\t\t\t\t<\/div>\n\t\t\t\t\t\t<\/div>\n\t\t\t<\/div>\n\t\t<\/div>\n\t\t\t\t<div class=\"elementor-element elementor-element-62d57c9 elementor-column elementor-col-33 elementor-inner-column\" data-id=\"62d57c9\" data-element_type=\"column\">\n\t\t\t<div class=\"elementor-column-wrap  elementor-element-populated\">\n\t\t\t\t\t<div class=\"elementor-widget-wrap\">\n\t\t\t\t<div class=\"elementor-element elementor-element-b833b75 elementor-view-default elementor-position-top elementor-vertical-align-top elementor-widget elementor-widget-icon-box\" data-id=\"b833b75\" data-element_type=\"widget\" data-widget_type=\"icon-box.default\">\n\t\t\t\t<div class=\"elementor-widget-container\">\n\t\t\t\t\t<div class=\"elementor-icon-box-wrapper\">\n\t\t\t\t\t\t<div class=\"elementor-icon-box-icon\">\n\t\t\t\t<span class=\"elementor-icon elementor-animation-\" >\n\t\t\t\t<i aria-hidden=\"true\" class=\"far fa-eye\"><\/i>\t\t\t\t<\/span>\n\t\t\t<\/div>\n\t\t\t\t\t\t<div class=\"elementor-icon-box-content\">\n\t\t\t\t<h3 class=\"elementor-icon-box-title\">\n\t\t\t\t\t<span >VIS\u00c3O<\/span>\n\t\t\t\t<\/h3>\n\t\t\t\t\t\t\t\t<p class=\"elementor-icon-box-description\"><br>Ser reconhecida como l\u00edder de qualidade no segmento de Odontologia Diagn\u00f3stica atrav\u00e9s de exames de alta tecnologia e excel\u00eancia no atendimento ao cliente.<\/p>\n\t\t\t\t\t\t\t<\/div>\n\t\t<\/div>\n\t\t\t\t<\/div>\n\t\t\t\t<\/div>\n\t\t\t\t\t\t<\/div>\n\t\t\t<\/div>\n\t\t<\/div>\n\t\t\t\t<div class=\"elementor-element elementor-element-a6ad3cf elementor-column elementor-col-33 elementor-inner-column\" data-id=\"a6ad3cf\" data-element_type=\"column\">\n\t\t\t<div class=\"elementor-column-wrap  elementor-element-populated\">\n\t\t\t\t\t<div class=\"elementor-widget-wrap\">\n\t\t\t\t<div class=\"elementor-element elementor-element-d61546f elementor-view-default elementor-position-top elementor-vertical-align-top elementor-widget elementor-widget-icon-box\" data-id=\"d61546f\" data-element_type=\"widget\" data-widget_type=\"icon-box.default\">\n\t\t\t\t<div class=\"elementor-widget-container\">\n\t\t\t\t\t<div class=\"elementor-icon-box-wrapper\">\n\t\t\t\t\t\t<div class=\"elementor-icon-box-icon\">\n\t\t\t\t<span class=\"elementor-icon elementor-animation-\" >\n\t\t\t\t<i aria-hidden=\"true\" class=\"far fa-handshake\"><\/i>\t\t\t\t<\/span>\n\t\t\t<\/div>\n\t\t\t\t\t\t<div class=\"elementor-icon-box-content\">\n\t\t\t\t<h3 class=\"elementor-icon-box-title\">\n\t\t\t\t\t<span >VALORES<\/span>\n\t\t\t\t<\/h3>\n\t\t\t\t\t\t\t\t<p class=\"elementor-icon-box-description\"><br>Qualidade; Foco no Cliente; Compromisso; Trabalho em Equipe; Relacionamento; Pr\u00f3-Atividade; \u00c9tica; Respeito ao Meio Ambiente.<\/p>\n\t\t\t\t\t\t\t<\/div>\n\t\t<\/div>\n\t\t\t\t<\/div>\n\t\t\t\t<\/div>\n\t\t\t\t\t\t<\/div>\n\t\t\t<\/div>\n\t\t<\/div>\n\t\t\t\t\t\t<\/div>\n\t\t\t<\/div>\n\t\t<\/section>\n\t\t\t\t\t\t<\/div>\n\t\t\t<\/div>\n\t\t<\/div>\n\t\t\t\t\t\t<\/div>\n\t\t\t<\/div>\n\t\t<\/section>\n\t\t\t\t<section class=\"elementor-element elementor-element-e6e328f elementor-section-boxed elementor-section-height-default elementor-section-height-default elementor-section elementor-top-section\" data-id=\"e6e328f\" data-element_type=\"section\">\n\t\t\t\t\t\t<div class=\"elementor-container elementor-column-gap-default\">\n\t\t\t\t<div class=\"elementor-row\">\n\t\t\t\t<div class=\"elementor-element elementor-element-83c7759 elementor-column elementor-col-100 elementor-top-column\" data-id=\"83c7759\" data-element_type=\"column\">\n\t\t\t<div class=\"elementor-column-wrap  elementor-element-populated\">\n\t\t\t\t\t<div class=\"elementor-widget-wrap\">\n\t\t\t\t<div class=\"elementor-element elementor-element-27993c8 elementor-widget elementor-widget-spacer\" data-id=\"27993c8\" data-element_type=\"widget\" data-widget_type=\"spacer.default\">\n\t\t\t\t<div class=\"elementor-widget-container\">\n\t\t\t\t\t<div class=\"elementor-spacer\">\n\t\t\t<div class=\"elementor-spacer-inner\"><\/div>\n\t\t<\/div>\n\t\t\t\t<\/div>\n\t\t\t\t<\/div>\n\t\t\t\t\t\t<\/div>\n\t\t\t<\/div>\n\t\t<\/div>\n\t\t\t\t\t\t<\/div>\n\t\t\t<\/div>\n\t\t<\/section>\n\t\t\t\t\t\t<\/div>\n\t\t\t<\/div>\n\t\t<\/div>\n\t\t","protected":false},"excerpt":{"rendered":"<p>SOBRE Hist\u00f3ria sobre a IROS Radiologia Odontol\u00f3gica \u201cInaugurada em outubro de 2001 a IROS-Radiologia e Documenta\u00e7\u00e3o Odontol\u00f3gica, hoje IROS-3D-Radiologia e Tomografia Odontol\u00f3gica, oferece os mais completos servi\u00e7os de odontologia diagn\u00f3stica de Suzano e Regi\u00e3o do Alto Tiet\u00ea. A qualidade dos exames realizados em equipamentos digitais de \u00faltima gera\u00e7\u00e3o, o foco no treinamento de sua equipe [&hellip;]<\/p>\n","protected":false},"author":1,"featured_media":0,"parent":0,"menu_order":0,"comment_status":"closed","ping_status":"closed","template":"tpl-default-elementor.php","meta":[],"_links":{"self":[{"href":"https:\/\/irosradiologiadigital.com.br\/index.php\/wp-json\/wp\/v2\/pages\/16"}],"collection":[{"href":"https:\/\/irosradiologiadigital.com.br\/index.php\/wp-json\/wp\/v2\/pages"}],"about":[{"href":"https:\/\/irosradiologiadigital.com.br\/index.php\/wp-json\/wp\/v2\/types\/page"}],"author":[{"embeddable":true,"href":"https:\/\/irosradiologiadigital.com.br\/index.php\/wp-json\/wp\/v2\/users\/1"}],"replies":[{"embeddable":true,"href":"https:\/\/irosradiologiadigital.com.br\/index.php\/wp-json\/wp\/v2\/comments?post=16"}],"version-history":[{"count":14,"href":"https:\/\/irosradiologiadigital.com.br\/index.php\/wp-json\/wp\/v2\/pages\/16\/revisions"}],"predecessor-version":[{"id":1292,"href":"https:\/\/irosradiologiadigital.com.br\/index.php\/wp-json\/wp\/v2\/pages\/16\/revisions\/1292"}],"wp:attachment":[{"href":"https:\/\/irosradiologiadigital.com.br\/index.php\/wp-json\/wp\/v2\/media?parent=16"}],"curies":[{"name":"wp","href":"https:\/\/api.w.org\/{rel}","templated":true}]}}