{"id":1023,"date":"2021-03-22T13:59:04","date_gmt":"2021-03-22T16:59:04","guid":{"rendered":"http:\/\/irosradiologiadigital.com.br\/?page_id=1023"},"modified":"2021-03-22T20:26:46","modified_gmt":"2021-03-22T23:26:46","slug":"sobreposicao-digital","status":"publish","type":"page","link":"https:\/\/irosradiologiadigital.com.br\/index.php\/sobreposicao-digital\/","title":{"rendered":"Sobreposi\u00e7\u00e3o Digital"},"content":{"rendered":"\t\t<div data-elementor-type=\"wp-page\" data-elementor-id=\"1023\" class=\"elementor elementor-1023\" data-elementor-settings=\"[]\">\n\t\t\t<div class=\"elementor-inner\">\n\t\t\t\t<div class=\"elementor-section-wrap\">\n\t\t\t\t\t\t\t<section class=\"elementor-element elementor-element-3899e0f5 elementor-section-boxed elementor-section-height-default elementor-section-height-default elementor-section elementor-top-section\" data-id=\"3899e0f5\" data-element_type=\"section\">\n\t\t\t\t\t\t<div class=\"elementor-container elementor-column-gap-default\">\n\t\t\t\t<div class=\"elementor-row\">\n\t\t\t\t<div class=\"elementor-element elementor-element-4a07f20d elementor-column elementor-col-100 elementor-top-column\" data-id=\"4a07f20d\" data-element_type=\"column\">\n\t\t\t<div class=\"elementor-column-wrap  elementor-element-populated\">\n\t\t\t\t\t<div class=\"elementor-widget-wrap\">\n\t\t\t\t<div class=\"elementor-element elementor-element-67c90ff elementor-widget elementor-widget-spacer\" data-id=\"67c90ff\" data-element_type=\"widget\" data-widget_type=\"spacer.default\">\n\t\t\t\t<div class=\"elementor-widget-container\">\n\t\t\t\t\t<div class=\"elementor-spacer\">\n\t\t\t<div class=\"elementor-spacer-inner\"><\/div>\n\t\t<\/div>\n\t\t\t\t<\/div>\n\t\t\t\t<\/div>\n\t\t\t\t<div class=\"elementor-element elementor-element-b2d0f35 elementor-widget elementor-widget-text-editor\" data-id=\"b2d0f35\" data-element_type=\"widget\" data-widget_type=\"text-editor.default\">\n\t\t\t\t<div class=\"elementor-widget-container\">\n\t\t\t\t\t<div class=\"elementor-text-editor elementor-clearfix\"><h2>SOBREPOSI\u00c7\u00c3O DIGITAL<\/h2><p>A sobreposi\u00e7\u00e3o de tra\u00e7ados \u00e9 um recurso usado para avaliar as mudan\u00e7as cr\u00e2nio-faciais do paciente em fun\u00e7\u00e3o de tratamento ortod\u00f4ntico e\/ou crescimento da face.<\/p><p><img loading=\"lazy\" class=\"alignnone size-medium wp-image-1130\" src=\"http:\/\/irosradiologiadigital.com.br\/wp-content\/uploads\/2021\/03\/34-300x125.jpg\" alt=\"\" width=\"300\" height=\"125\" srcset=\"https:\/\/irosradiologiadigital.com.br\/wp-content\/uploads\/2021\/03\/34-300x125.jpg 300w, https:\/\/irosradiologiadigital.com.br\/wp-content\/uploads\/2021\/03\/34.jpg 480w\" sizes=\"(max-width: 300px) 100vw, 300px\" \/><\/p><\/div>\n\t\t\t\t<\/div>\n\t\t\t\t<\/div>\n\t\t\t\t\t\t<\/div>\n\t\t\t<\/div>\n\t\t<\/div>\n\t\t\t\t\t\t<\/div>\n\t\t\t<\/div>\n\t\t<\/section>\n\t\t\t\t<section class=\"elementor-element elementor-element-7b5e42f elementor-section-boxed elementor-section-height-default elementor-section-height-default elementor-section elementor-top-section\" data-id=\"7b5e42f\" data-element_type=\"section\">\n\t\t\t\t\t\t<div class=\"elementor-container elementor-column-gap-default\">\n\t\t\t\t<div class=\"elementor-row\">\n\t\t\t\t<div class=\"elementor-element elementor-element-b038434 elementor-column elementor-col-100 elementor-top-column\" data-id=\"b038434\" data-element_type=\"column\">\n\t\t\t<div class=\"elementor-column-wrap  elementor-element-populated\">\n\t\t\t\t\t<div class=\"elementor-widget-wrap\">\n\t\t\t\t<div class=\"elementor-element elementor-element-6009cf5 elementor-widget elementor-widget-spacer\" data-id=\"6009cf5\" data-element_type=\"widget\" data-widget_type=\"spacer.default\">\n\t\t\t\t<div class=\"elementor-widget-container\">\n\t\t\t\t\t<div class=\"elementor-spacer\">\n\t\t\t<div class=\"elementor-spacer-inner\"><\/div>\n\t\t<\/div>\n\t\t\t\t<\/div>\n\t\t\t\t<\/div>\n\t\t\t\t\t\t<\/div>\n\t\t\t<\/div>\n\t\t<\/div>\n\t\t\t\t\t\t<\/div>\n\t\t\t<\/div>\n\t\t<\/section>\n\t\t\t\t\t\t<\/div>\n\t\t\t<\/div>\n\t\t<\/div>\n\t\t","protected":false},"excerpt":{"rendered":"<p>SOBREPOSI\u00c7\u00c3O DIGITAL A sobreposi\u00e7\u00e3o de tra\u00e7ados \u00e9 um recurso usado para avaliar as mudan\u00e7as cr\u00e2nio-faciais do paciente em fun\u00e7\u00e3o de tratamento ortod\u00f4ntico e\/ou crescimento da face.<\/p>\n","protected":false},"author":1,"featured_media":0,"parent":0,"menu_order":0,"comment_status":"closed","ping_status":"closed","template":"tpl-default-elementor.php","meta":[],"_links":{"self":[{"href":"https:\/\/irosradiologiadigital.com.br\/index.php\/wp-json\/wp\/v2\/pages\/1023"}],"collection":[{"href":"https:\/\/irosradiologiadigital.com.br\/index.php\/wp-json\/wp\/v2\/pages"}],"about":[{"href":"https:\/\/irosradiologiadigital.com.br\/index.php\/wp-json\/wp\/v2\/types\/page"}],"author":[{"embeddable":true,"href":"https:\/\/irosradiologiadigital.com.br\/index.php\/wp-json\/wp\/v2\/users\/1"}],"replies":[{"embeddable":true,"href":"https:\/\/irosradiologiadigital.com.br\/index.php\/wp-json\/wp\/v2\/comments?post=1023"}],"version-history":[{"count":4,"href":"https:\/\/irosradiologiadigital.com.br\/index.php\/wp-json\/wp\/v2\/pages\/1023\/revisions"}],"predecessor-version":[{"id":1151,"href":"https:\/\/irosradiologiadigital.com.br\/index.php\/wp-json\/wp\/v2\/pages\/1023\/revisions\/1151"}],"wp:attachment":[{"href":"https:\/\/irosradiologiadigital.com.br\/index.php\/wp-json\/wp\/v2\/media?parent=1023"}],"curies":[{"name":"wp","href":"https:\/\/api.w.org\/{rel}","templated":true}]}}