{"id":1021,"date":"2021-03-22T13:58:37","date_gmt":"2021-03-22T16:58:37","guid":{"rendered":"http:\/\/irosradiologiadigital.com.br\/?page_id=1021"},"modified":"2021-03-22T20:29:26","modified_gmt":"2021-03-22T23:29:26","slug":"idade-ossea-digital","status":"publish","type":"page","link":"https:\/\/irosradiologiadigital.com.br\/index.php\/idade-ossea-digital\/","title":{"rendered":"Idade \u00d3ssea Digital"},"content":{"rendered":"\t\t<div data-elementor-type=\"wp-page\" data-elementor-id=\"1021\" class=\"elementor elementor-1021\" data-elementor-settings=\"[]\">\n\t\t\t<div class=\"elementor-inner\">\n\t\t\t\t<div class=\"elementor-section-wrap\">\n\t\t\t\t\t\t\t<section class=\"elementor-element elementor-element-1d09ebc3 elementor-section-boxed elementor-section-height-default elementor-section-height-default elementor-section elementor-top-section\" data-id=\"1d09ebc3\" data-element_type=\"section\">\n\t\t\t\t\t\t<div class=\"elementor-container elementor-column-gap-default\">\n\t\t\t\t<div class=\"elementor-row\">\n\t\t\t\t<div class=\"elementor-element elementor-element-9d7a78a elementor-column elementor-col-100 elementor-top-column\" data-id=\"9d7a78a\" data-element_type=\"column\">\n\t\t\t<div class=\"elementor-column-wrap  elementor-element-populated\">\n\t\t\t\t\t<div class=\"elementor-widget-wrap\">\n\t\t\t\t<div class=\"elementor-element elementor-element-7bfb246 elementor-widget elementor-widget-spacer\" data-id=\"7bfb246\" data-element_type=\"widget\" data-widget_type=\"spacer.default\">\n\t\t\t\t<div class=\"elementor-widget-container\">\n\t\t\t\t\t<div class=\"elementor-spacer\">\n\t\t\t<div class=\"elementor-spacer-inner\"><\/div>\n\t\t<\/div>\n\t\t\t\t<\/div>\n\t\t\t\t<\/div>\n\t\t\t\t<div class=\"elementor-element elementor-element-5567f0b6 elementor-widget elementor-widget-text-editor\" data-id=\"5567f0b6\" data-element_type=\"widget\" data-widget_type=\"text-editor.default\">\n\t\t\t\t<div class=\"elementor-widget-container\">\n\t\t\t\t\t<div class=\"elementor-text-editor elementor-clearfix\"><h2>IDADE \u00d3SSEA DIGITAL<\/h2><p>\u00a0<\/p><p>\u00c9 uma radiografia feita da m\u00e3o e punho esquerdo do paciente, para a constata\u00e7\u00e3o do est\u00e1gio de amadurecimento dos ossos do carpo, metacarpo e das falanges e com isso determinar a idade \u00f3ssea segundo os par\u00e2metros da tabela de Greulich &amp; Pyle ou por meio das mensura\u00e7\u00f5es de imagem digitalizada da radiografia utilizando o programa Radiocef\u00a9, associado ao programa de Curva de Crescimento.<\/p><p><a href=\"http:\/\/irosradiologiadigital.com.br\/wp-content\/uploads\/2021\/03\/Idade_Ossea_1.jpg\"><img loading=\"lazy\" class=\"wp-image-1093 size-medium alignleft\" src=\"http:\/\/irosradiologiadigital.com.br\/wp-content\/uploads\/2021\/03\/Idade_Ossea_1-300x225.jpg\" alt=\"\" width=\"300\" height=\"225\" srcset=\"https:\/\/irosradiologiadigital.com.br\/wp-content\/uploads\/2021\/03\/Idade_Ossea_1-300x225.jpg 300w, https:\/\/irosradiologiadigital.com.br\/wp-content\/uploads\/2021\/03\/Idade_Ossea_1-768x576.jpg 768w, https:\/\/irosradiologiadigital.com.br\/wp-content\/uploads\/2021\/03\/Idade_Ossea_1.jpg 776w\" sizes=\"(max-width: 300px) 100vw, 300px\" \/><\/a><\/p><\/div>\n\t\t\t\t<\/div>\n\t\t\t\t<\/div>\n\t\t\t\t\t\t<\/div>\n\t\t\t<\/div>\n\t\t<\/div>\n\t\t\t\t\t\t<\/div>\n\t\t\t<\/div>\n\t\t<\/section>\n\t\t\t\t<section class=\"elementor-element elementor-element-f1ed116 elementor-section-boxed elementor-section-height-default elementor-section-height-default elementor-section elementor-top-section\" data-id=\"f1ed116\" data-element_type=\"section\">\n\t\t\t\t\t\t<div class=\"elementor-container elementor-column-gap-default\">\n\t\t\t\t<div class=\"elementor-row\">\n\t\t\t\t<div class=\"elementor-element elementor-element-60c73cf elementor-column elementor-col-100 elementor-top-column\" data-id=\"60c73cf\" data-element_type=\"column\">\n\t\t\t<div class=\"elementor-column-wrap  elementor-element-populated\">\n\t\t\t\t\t<div class=\"elementor-widget-wrap\">\n\t\t\t\t<div class=\"elementor-element elementor-element-f6ad52c elementor-widget elementor-widget-spacer\" data-id=\"f6ad52c\" data-element_type=\"widget\" data-widget_type=\"spacer.default\">\n\t\t\t\t<div class=\"elementor-widget-container\">\n\t\t\t\t\t<div class=\"elementor-spacer\">\n\t\t\t<div class=\"elementor-spacer-inner\"><\/div>\n\t\t<\/div>\n\t\t\t\t<\/div>\n\t\t\t\t<\/div>\n\t\t\t\t\t\t<\/div>\n\t\t\t<\/div>\n\t\t<\/div>\n\t\t\t\t\t\t<\/div>\n\t\t\t<\/div>\n\t\t<\/section>\n\t\t\t\t\t\t<\/div>\n\t\t\t<\/div>\n\t\t<\/div>\n\t\t","protected":false},"excerpt":{"rendered":"<p>IDADE \u00d3SSEA DIGITAL \u00a0 \u00c9 uma radiografia feita da m\u00e3o e punho esquerdo do paciente, para a constata\u00e7\u00e3o do est\u00e1gio de amadurecimento dos ossos do carpo, metacarpo e das falanges e com isso determinar a idade \u00f3ssea segundo os par\u00e2metros da tabela de Greulich &amp; Pyle ou por meio das mensura\u00e7\u00f5es de imagem digitalizada da [&hellip;]<\/p>\n","protected":false},"author":1,"featured_media":0,"parent":0,"menu_order":0,"comment_status":"closed","ping_status":"closed","template":"tpl-default-elementor.php","meta":[],"_links":{"self":[{"href":"https:\/\/irosradiologiadigital.com.br\/index.php\/wp-json\/wp\/v2\/pages\/1021"}],"collection":[{"href":"https:\/\/irosradiologiadigital.com.br\/index.php\/wp-json\/wp\/v2\/pages"}],"about":[{"href":"https:\/\/irosradiologiadigital.com.br\/index.php\/wp-json\/wp\/v2\/types\/page"}],"author":[{"embeddable":true,"href":"https:\/\/irosradiologiadigital.com.br\/index.php\/wp-json\/wp\/v2\/users\/1"}],"replies":[{"embeddable":true,"href":"https:\/\/irosradiologiadigital.com.br\/index.php\/wp-json\/wp\/v2\/comments?post=1021"}],"version-history":[{"count":5,"href":"https:\/\/irosradiologiadigital.com.br\/index.php\/wp-json\/wp\/v2\/pages\/1021\/revisions"}],"predecessor-version":[{"id":1158,"href":"https:\/\/irosradiologiadigital.com.br\/index.php\/wp-json\/wp\/v2\/pages\/1021\/revisions\/1158"}],"wp:attachment":[{"href":"https:\/\/irosradiologiadigital.com.br\/index.php\/wp-json\/wp\/v2\/media?parent=1021"}],"curies":[{"name":"wp","href":"https:\/\/api.w.org\/{rel}","templated":true}]}}