{"id":1019,"date":"2021-03-22T13:58:17","date_gmt":"2021-03-22T16:58:17","guid":{"rendered":"http:\/\/irosradiologiadigital.com.br\/?page_id=1019"},"modified":"2021-03-22T20:28:33","modified_gmt":"2021-03-22T23:28:33","slug":"periapical-digital","status":"publish","type":"page","link":"https:\/\/irosradiologiadigital.com.br\/index.php\/periapical-digital\/","title":{"rendered":"Periapical Digital"},"content":{"rendered":"\t\t<div data-elementor-type=\"wp-page\" data-elementor-id=\"1019\" class=\"elementor elementor-1019\" data-elementor-settings=\"[]\">\n\t\t\t<div class=\"elementor-inner\">\n\t\t\t\t<div class=\"elementor-section-wrap\">\n\t\t\t\t\t\t\t<section class=\"elementor-element elementor-element-4111ff57 elementor-section-boxed elementor-section-height-default elementor-section-height-default elementor-section elementor-top-section\" data-id=\"4111ff57\" data-element_type=\"section\">\n\t\t\t\t\t\t<div class=\"elementor-container elementor-column-gap-default\">\n\t\t\t\t<div class=\"elementor-row\">\n\t\t\t\t<div class=\"elementor-element elementor-element-d406234 elementor-column elementor-col-100 elementor-top-column\" data-id=\"d406234\" data-element_type=\"column\">\n\t\t\t<div class=\"elementor-column-wrap  elementor-element-populated\">\n\t\t\t\t\t<div class=\"elementor-widget-wrap\">\n\t\t\t\t<div class=\"elementor-element elementor-element-2489b3c elementor-widget elementor-widget-spacer\" data-id=\"2489b3c\" data-element_type=\"widget\" data-widget_type=\"spacer.default\">\n\t\t\t\t<div class=\"elementor-widget-container\">\n\t\t\t\t\t<div class=\"elementor-spacer\">\n\t\t\t<div class=\"elementor-spacer-inner\"><\/div>\n\t\t<\/div>\n\t\t\t\t<\/div>\n\t\t\t\t<\/div>\n\t\t\t\t<div class=\"elementor-element elementor-element-40a4a658 elementor-widget elementor-widget-text-editor\" data-id=\"40a4a658\" data-element_type=\"widget\" data-widget_type=\"text-editor.default\">\n\t\t\t\t<div class=\"elementor-widget-container\">\n\t\t\t\t\t<div class=\"elementor-text-editor elementor-clearfix\"><h1>RAIO-X PERIAPICAL<\/h1>\n<p><\/p>\n<p>Radiografias periapicais s\u00e3o indicadas quando existe a necessidade de visualiza\u00e7\u00e3o do \u00f3rg\u00e3o dental, \u00e1pice radicular e o tecido \u00f3sseo adjacente.<\/p>\n<p>Podemos ainda avaliar as rela\u00e7\u00f5es anat\u00f4micas entre a denti\u00e7\u00e3o dec\u00eddua e permanente, processos de c\u00e1rie, c\u00e1ries reincidentes, altera\u00e7\u00f5es pulpares e radiculares excesso ou falta de material restaurador, reabsor\u00e7\u00e3o interna ou externa, dentre outras poss\u00edveis imagens. Essas radiografias s\u00e3o realizadas sempre pela t\u00e9cnica do cone longo.<\/p><p><br><\/p>\n<h1>RADIOGRAFIAS INTERPROXIMAIS<\/h1><div><br><\/div>\n<p>S\u00e3o indicadas para a visualiza\u00e7\u00e3o das faces proximais dos dentes posteriores, com a finalidade de detectar processo de c\u00e1rie nesta regi\u00e3o, a rela\u00e7\u00e3o anat\u00f4mica das cristas \u00f3sseas alveolares e poss\u00edveis les\u00f5es periodontais.<\/p>\n<p><a href=\"http:\/\/irosradiologiadigital.com.br\/wp-content\/uploads\/2021\/03\/Periapical_1.jpg\"><img loading=\"lazy\" class=\"alignleft wp-image-1124\" src=\"http:\/\/irosradiologiadigital.com.br\/wp-content\/uploads\/2021\/03\/Periapical_1-300x228.jpg\" alt=\"\" width=\"250\" height=\"190\" srcset=\"https:\/\/irosradiologiadigital.com.br\/wp-content\/uploads\/2021\/03\/Periapical_1-300x228.jpg 300w, https:\/\/irosradiologiadigital.com.br\/wp-content\/uploads\/2021\/03\/Periapical_1.jpg 628w\" sizes=\"(max-width: 250px) 100vw, 250px\" \/><\/a> <a href=\"http:\/\/irosradiologiadigital.com.br\/wp-content\/uploads\/2021\/03\/Periapical_2.jpg\"><img loading=\"lazy\" class=\"alignleft wp-image-1125 \" src=\"http:\/\/irosradiologiadigital.com.br\/wp-content\/uploads\/2021\/03\/Periapical_2-198x300.jpg\" alt=\"\" width=\"128\" height=\"193\" srcset=\"https:\/\/irosradiologiadigital.com.br\/wp-content\/uploads\/2021\/03\/Periapical_2-198x300.jpg 198w, https:\/\/irosradiologiadigital.com.br\/wp-content\/uploads\/2021\/03\/Periapical_2-674x1024.jpg 674w, https:\/\/irosradiologiadigital.com.br\/wp-content\/uploads\/2021\/03\/Periapical_2.jpg 700w\" sizes=\"(max-width: 128px) 100vw, 128px\" \/><\/a> <a href=\"http:\/\/irosradiologiadigital.com.br\/wp-content\/uploads\/2021\/03\/Periapical_3.jpg\"><img loading=\"lazy\" class=\"alignleft wp-image-1126 \" src=\"http:\/\/irosradiologiadigital.com.br\/wp-content\/uploads\/2021\/03\/Periapical_3-300x228.jpg\" alt=\"\" width=\"250\" height=\"190\" srcset=\"https:\/\/irosradiologiadigital.com.br\/wp-content\/uploads\/2021\/03\/Periapical_3-300x228.jpg 300w, https:\/\/irosradiologiadigital.com.br\/wp-content\/uploads\/2021\/03\/Periapical_3.jpg 620w\" sizes=\"(max-width: 250px) 100vw, 250px\" \/><\/a><\/p><\/div>\n\t\t\t\t<\/div>\n\t\t\t\t<\/div>\n\t\t\t\t\t\t<\/div>\n\t\t\t<\/div>\n\t\t<\/div>\n\t\t\t\t\t\t<\/div>\n\t\t\t<\/div>\n\t\t<\/section>\n\t\t\t\t<section class=\"elementor-element elementor-element-8baa1eb elementor-section-boxed elementor-section-height-default elementor-section-height-default elementor-section elementor-top-section\" data-id=\"8baa1eb\" data-element_type=\"section\">\n\t\t\t\t\t\t<div class=\"elementor-container elementor-column-gap-default\">\n\t\t\t\t<div class=\"elementor-row\">\n\t\t\t\t<div class=\"elementor-element elementor-element-2d8fdb4 elementor-column elementor-col-100 elementor-top-column\" data-id=\"2d8fdb4\" data-element_type=\"column\">\n\t\t\t<div class=\"elementor-column-wrap  elementor-element-populated\">\n\t\t\t\t\t<div class=\"elementor-widget-wrap\">\n\t\t\t\t<div class=\"elementor-element elementor-element-d50ae6e elementor-widget elementor-widget-spacer\" data-id=\"d50ae6e\" data-element_type=\"widget\" data-widget_type=\"spacer.default\">\n\t\t\t\t<div class=\"elementor-widget-container\">\n\t\t\t\t\t<div class=\"elementor-spacer\">\n\t\t\t<div class=\"elementor-spacer-inner\"><\/div>\n\t\t<\/div>\n\t\t\t\t<\/div>\n\t\t\t\t<\/div>\n\t\t\t\t\t\t<\/div>\n\t\t\t<\/div>\n\t\t<\/div>\n\t\t\t\t\t\t<\/div>\n\t\t\t<\/div>\n\t\t<\/section>\n\t\t\t\t\t\t<\/div>\n\t\t\t<\/div>\n\t\t<\/div>\n\t\t","protected":false},"excerpt":{"rendered":"<p>RAIO-X PERIAPICAL Radiografias periapicais s\u00e3o indicadas quando existe a necessidade de visualiza\u00e7\u00e3o do \u00f3rg\u00e3o dental, \u00e1pice radicular e o tecido \u00f3sseo adjacente. Podemos ainda avaliar as rela\u00e7\u00f5es anat\u00f4micas entre a denti\u00e7\u00e3o dec\u00eddua e permanente, processos de c\u00e1rie, c\u00e1ries reincidentes, altera\u00e7\u00f5es pulpares e radiculares excesso ou falta de material restaurador, reabsor\u00e7\u00e3o interna ou externa, dentre outras [&hellip;]<\/p>\n","protected":false},"author":1,"featured_media":0,"parent":0,"menu_order":0,"comment_status":"closed","ping_status":"closed","template":"tpl-default-elementor.php","meta":[],"_links":{"self":[{"href":"https:\/\/irosradiologiadigital.com.br\/index.php\/wp-json\/wp\/v2\/pages\/1019"}],"collection":[{"href":"https:\/\/irosradiologiadigital.com.br\/index.php\/wp-json\/wp\/v2\/pages"}],"about":[{"href":"https:\/\/irosradiologiadigital.com.br\/index.php\/wp-json\/wp\/v2\/types\/page"}],"author":[{"embeddable":true,"href":"https:\/\/irosradiologiadigital.com.br\/index.php\/wp-json\/wp\/v2\/users\/1"}],"replies":[{"embeddable":true,"href":"https:\/\/irosradiologiadigital.com.br\/index.php\/wp-json\/wp\/v2\/comments?post=1019"}],"version-history":[{"count":6,"href":"https:\/\/irosradiologiadigital.com.br\/index.php\/wp-json\/wp\/v2\/pages\/1019\/revisions"}],"predecessor-version":[{"id":1156,"href":"https:\/\/irosradiologiadigital.com.br\/index.php\/wp-json\/wp\/v2\/pages\/1019\/revisions\/1156"}],"wp:attachment":[{"href":"https:\/\/irosradiologiadigital.com.br\/index.php\/wp-json\/wp\/v2\/media?parent=1019"}],"curies":[{"name":"wp","href":"https:\/\/api.w.org\/{rel}","templated":true}]}}