{"id":1017,"date":"2021-03-22T13:57:52","date_gmt":"2021-03-22T16:57:52","guid":{"rendered":"http:\/\/irosradiologiadigital.com.br\/?page_id=1017"},"modified":"2021-03-22T20:21:52","modified_gmt":"2021-03-22T23:21:52","slug":"tomografia-volumetrica-digital","status":"publish","type":"page","link":"https:\/\/irosradiologiadigital.com.br\/index.php\/tomografia-volumetrica-digital\/","title":{"rendered":"Tomografia Volum\u00e9trica Digital"},"content":{"rendered":"\t\t<div data-elementor-type=\"wp-page\" data-elementor-id=\"1017\" class=\"elementor elementor-1017\" data-elementor-settings=\"[]\">\n\t\t\t<div class=\"elementor-inner\">\n\t\t\t\t<div class=\"elementor-section-wrap\">\n\t\t\t\t\t\t\t<section class=\"elementor-element elementor-element-145c82ea elementor-section-boxed elementor-section-height-default elementor-section-height-default elementor-section elementor-top-section\" data-id=\"145c82ea\" data-element_type=\"section\">\n\t\t\t\t\t\t<div class=\"elementor-container elementor-column-gap-default\">\n\t\t\t\t<div class=\"elementor-row\">\n\t\t\t\t<div class=\"elementor-element elementor-element-4b68fa16 elementor-column elementor-col-100 elementor-top-column\" data-id=\"4b68fa16\" data-element_type=\"column\">\n\t\t\t<div class=\"elementor-column-wrap  elementor-element-populated\">\n\t\t\t\t\t<div class=\"elementor-widget-wrap\">\n\t\t\t\t<div class=\"elementor-element elementor-element-0a1682e elementor-widget elementor-widget-spacer\" data-id=\"0a1682e\" data-element_type=\"widget\" data-widget_type=\"spacer.default\">\n\t\t\t\t<div class=\"elementor-widget-container\">\n\t\t\t\t\t<div class=\"elementor-spacer\">\n\t\t\t<div class=\"elementor-spacer-inner\"><\/div>\n\t\t<\/div>\n\t\t\t\t<\/div>\n\t\t\t\t<\/div>\n\t\t\t\t<div class=\"elementor-element elementor-element-2a45cf2 elementor-widget elementor-widget-text-editor\" data-id=\"2a45cf2\" data-element_type=\"widget\" data-widget_type=\"text-editor.default\">\n\t\t\t\t<div class=\"elementor-widget-container\">\n\t\t\t\t\t<div class=\"elementor-text-editor elementor-clearfix\"><h2>TOMOGRAFIA VOLUM\u00c9TRICA DIGITAL<\/h2><p>\u00a0<\/p><p>As Tomografias Volum\u00e9tricas do tipo Cone Beam s\u00e3o indispens\u00e1veis para um preciso diagn\u00f3stico odontol\u00f3gico. Exames radiol\u00f3gicos, como: baixa dose de radia\u00e7\u00e3o, imagens na propor\u00e7\u00e3o de 1:1, op\u00e7\u00f5es de visualiza\u00e7\u00e3o em v\u00e1rios planos e ferramentas em 3D, proporcionam in\u00fameras informa\u00e7\u00f5es das regi\u00f5es avaliadas.<\/p><p><a href=\"http:\/\/irosradiologiadigital.com.br\/wp-content\/uploads\/2021\/03\/Tomo_Volumet_Digital_1.jpg\"><img loading=\"lazy\" class=\"alignleft wp-image-1141 \" src=\"http:\/\/irosradiologiadigital.com.br\/wp-content\/uploads\/2021\/03\/Tomo_Volumet_Digital_1-198x300.jpg\" alt=\"\" width=\"168\" height=\"254\" srcset=\"https:\/\/irosradiologiadigital.com.br\/wp-content\/uploads\/2021\/03\/Tomo_Volumet_Digital_1-198x300.jpg 198w, https:\/\/irosradiologiadigital.com.br\/wp-content\/uploads\/2021\/03\/Tomo_Volumet_Digital_1-674x1024.jpg 674w, https:\/\/irosradiologiadigital.com.br\/wp-content\/uploads\/2021\/03\/Tomo_Volumet_Digital_1.jpg 700w\" sizes=\"(max-width: 168px) 100vw, 168px\" \/><\/a> <a href=\"http:\/\/irosradiologiadigital.com.br\/wp-content\/uploads\/2021\/03\/Tomo_Volumet_Digital_2.jpg\"><img loading=\"lazy\" class=\"alignleft wp-image-1142 size-medium\" src=\"http:\/\/irosradiologiadigital.com.br\/wp-content\/uploads\/2021\/03\/Tomo_Volumet_Digital_2-300x257.jpg\" alt=\"\" width=\"300\" height=\"257\" srcset=\"https:\/\/irosradiologiadigital.com.br\/wp-content\/uploads\/2021\/03\/Tomo_Volumet_Digital_2-300x257.jpg 300w, https:\/\/irosradiologiadigital.com.br\/wp-content\/uploads\/2021\/03\/Tomo_Volumet_Digital_2.jpg 700w\" sizes=\"(max-width: 300px) 100vw, 300px\" \/><\/a><\/p><\/div>\n\t\t\t\t<\/div>\n\t\t\t\t<\/div>\n\t\t\t\t\t\t<\/div>\n\t\t\t<\/div>\n\t\t<\/div>\n\t\t\t\t\t\t<\/div>\n\t\t\t<\/div>\n\t\t<\/section>\n\t\t\t\t<section class=\"elementor-element elementor-element-c383804 elementor-section-boxed elementor-section-height-default elementor-section-height-default elementor-section elementor-top-section\" data-id=\"c383804\" data-element_type=\"section\">\n\t\t\t\t\t\t<div class=\"elementor-container elementor-column-gap-default\">\n\t\t\t\t<div class=\"elementor-row\">\n\t\t\t\t<div class=\"elementor-element elementor-element-208559d elementor-column elementor-col-100 elementor-top-column\" data-id=\"208559d\" data-element_type=\"column\">\n\t\t\t<div class=\"elementor-column-wrap  elementor-element-populated\">\n\t\t\t\t\t<div class=\"elementor-widget-wrap\">\n\t\t\t\t<div class=\"elementor-element elementor-element-995ef2f elementor-widget elementor-widget-spacer\" data-id=\"995ef2f\" data-element_type=\"widget\" data-widget_type=\"spacer.default\">\n\t\t\t\t<div class=\"elementor-widget-container\">\n\t\t\t\t\t<div class=\"elementor-spacer\">\n\t\t\t<div class=\"elementor-spacer-inner\"><\/div>\n\t\t<\/div>\n\t\t\t\t<\/div>\n\t\t\t\t<\/div>\n\t\t\t\t\t\t<\/div>\n\t\t\t<\/div>\n\t\t<\/div>\n\t\t\t\t\t\t<\/div>\n\t\t\t<\/div>\n\t\t<\/section>\n\t\t\t\t\t\t<\/div>\n\t\t\t<\/div>\n\t\t<\/div>\n\t\t","protected":false},"excerpt":{"rendered":"<p>TOMOGRAFIA VOLUM\u00c9TRICA DIGITAL \u00a0 As Tomografias Volum\u00e9tricas do tipo Cone Beam s\u00e3o indispens\u00e1veis para um preciso diagn\u00f3stico odontol\u00f3gico. Exames radiol\u00f3gicos, como: baixa dose de radia\u00e7\u00e3o, imagens na propor\u00e7\u00e3o de 1:1, op\u00e7\u00f5es de visualiza\u00e7\u00e3o em v\u00e1rios planos e ferramentas em 3D, proporcionam in\u00fameras informa\u00e7\u00f5es das regi\u00f5es avaliadas.<\/p>\n","protected":false},"author":1,"featured_media":0,"parent":0,"menu_order":0,"comment_status":"closed","ping_status":"closed","template":"tpl-default-elementor.php","meta":[],"_links":{"self":[{"href":"https:\/\/irosradiologiadigital.com.br\/index.php\/wp-json\/wp\/v2\/pages\/1017"}],"collection":[{"href":"https:\/\/irosradiologiadigital.com.br\/index.php\/wp-json\/wp\/v2\/pages"}],"about":[{"href":"https:\/\/irosradiologiadigital.com.br\/index.php\/wp-json\/wp\/v2\/types\/page"}],"author":[{"embeddable":true,"href":"https:\/\/irosradiologiadigital.com.br\/index.php\/wp-json\/wp\/v2\/users\/1"}],"replies":[{"embeddable":true,"href":"https:\/\/irosradiologiadigital.com.br\/index.php\/wp-json\/wp\/v2\/comments?post=1017"}],"version-history":[{"count":4,"href":"https:\/\/irosradiologiadigital.com.br\/index.php\/wp-json\/wp\/v2\/pages\/1017\/revisions"}],"predecessor-version":[{"id":1145,"href":"https:\/\/irosradiologiadigital.com.br\/index.php\/wp-json\/wp\/v2\/pages\/1017\/revisions\/1145"}],"wp:attachment":[{"href":"https:\/\/irosradiologiadigital.com.br\/index.php\/wp-json\/wp\/v2\/media?parent=1017"}],"curies":[{"name":"wp","href":"https:\/\/api.w.org\/{rel}","templated":true}]}}