{"id":1015,"date":"2021-03-22T13:57:16","date_gmt":"2021-03-22T16:57:16","guid":{"rendered":"http:\/\/irosradiologiadigital.com.br\/?page_id=1015"},"modified":"2021-03-22T20:22:44","modified_gmt":"2021-03-22T23:22:44","slug":"teleradiografia-digital","status":"publish","type":"page","link":"https:\/\/irosradiologiadigital.com.br\/index.php\/teleradiografia-digital\/","title":{"rendered":"Teleradiografia Digital"},"content":{"rendered":"\t\t<div data-elementor-type=\"wp-page\" data-elementor-id=\"1015\" class=\"elementor elementor-1015\" data-elementor-settings=\"[]\">\n\t\t\t<div class=\"elementor-inner\">\n\t\t\t\t<div class=\"elementor-section-wrap\">\n\t\t\t\t\t\t\t<section class=\"elementor-element elementor-element-1dd1df8b elementor-section-boxed elementor-section-height-default elementor-section-height-default elementor-section elementor-top-section\" data-id=\"1dd1df8b\" data-element_type=\"section\">\n\t\t\t\t\t\t<div class=\"elementor-container elementor-column-gap-default\">\n\t\t\t\t<div class=\"elementor-row\">\n\t\t\t\t<div class=\"elementor-element elementor-element-539ae833 elementor-column elementor-col-100 elementor-top-column\" data-id=\"539ae833\" data-element_type=\"column\">\n\t\t\t<div class=\"elementor-column-wrap  elementor-element-populated\">\n\t\t\t\t\t<div class=\"elementor-widget-wrap\">\n\t\t\t\t<div class=\"elementor-element elementor-element-ba32644 elementor-widget elementor-widget-spacer\" data-id=\"ba32644\" data-element_type=\"widget\" data-widget_type=\"spacer.default\">\n\t\t\t\t<div class=\"elementor-widget-container\">\n\t\t\t\t\t<div class=\"elementor-spacer\">\n\t\t\t<div class=\"elementor-spacer-inner\"><\/div>\n\t\t<\/div>\n\t\t\t\t<\/div>\n\t\t\t\t<\/div>\n\t\t\t\t<div class=\"elementor-element elementor-element-6c30dae1 elementor-widget elementor-widget-text-editor\" data-id=\"6c30dae1\" data-element_type=\"widget\" data-widget_type=\"text-editor.default\">\n\t\t\t\t<div class=\"elementor-widget-container\">\n\t\t\t\t\t<div class=\"elementor-text-editor elementor-clearfix\"><h2>TELERADIOGRAFIA DIGITAL<\/h2><p>\u00a0<\/p><p>Esta t\u00e9cnica \u00e9 utilizada para obten\u00e7\u00e3o de uma imagem radiogr\u00e1fica lateral do cr\u00e2nio para avalia\u00e7\u00f5es de cefalometria, onde ser\u00e1 realizado um tra\u00e7ado (desenho das estruturas \u00f3sseas e dentais) e an\u00e1lise computadorizada (c\u00e1lculos realizados pelo computador de suas dimens\u00f5es), para avalia\u00e7\u00f5es ortod\u00f4nticas em geral. Estas an\u00e1lises ir\u00e3o fornecer tra\u00e7ados de alta qualidade e fidelidade que s\u00e3o impressos em tamanho real, podendo ser realizado sobreposi\u00e7\u00f5es entre os tra\u00e7ados e a radiografia.<\/p><p>Recentemente, o CROM disponibilizou a telerradiografia com o perfil demarcado por meio de contraste de sulfato de b\u00e1rio.<\/p><p>Tamb\u00e9m podem ser obtidas imagens para avalia\u00e7\u00f5es de cefalometria em norma Frontal (P.A.).<\/p><p>As an\u00e1lises de cefalometria s\u00e3o escolhidas de acordo com a conveni\u00eancia da cada profissional.<\/p><p><a href=\"http:\/\/irosradiologiadigital.com.br\/wp-content\/uploads\/2021\/03\/Teleradio_Digital_1.jpg\"><img loading=\"lazy\" class=\"alignleft wp-image-1134 \" src=\"http:\/\/irosradiologiadigital.com.br\/wp-content\/uploads\/2021\/03\/Teleradio_Digital_1-300x225.jpg\" alt=\"\" width=\"251\" height=\"188\" srcset=\"https:\/\/irosradiologiadigital.com.br\/wp-content\/uploads\/2021\/03\/Teleradio_Digital_1-300x225.jpg 300w, https:\/\/irosradiologiadigital.com.br\/wp-content\/uploads\/2021\/03\/Teleradio_Digital_1-768x576.jpg 768w, https:\/\/irosradiologiadigital.com.br\/wp-content\/uploads\/2021\/03\/Teleradio_Digital_1.jpg 776w\" sizes=\"(max-width: 251px) 100vw, 251px\" \/><\/a> <a href=\"http:\/\/irosradiologiadigital.com.br\/wp-content\/uploads\/2021\/03\/Teleradio_Digital_2.jpg\"><img loading=\"lazy\" class=\"alignleft wp-image-1135 \" src=\"http:\/\/irosradiologiadigital.com.br\/wp-content\/uploads\/2021\/03\/Teleradio_Digital_2-300x225.jpg\" alt=\"\" width=\"251\" height=\"188\" srcset=\"https:\/\/irosradiologiadigital.com.br\/wp-content\/uploads\/2021\/03\/Teleradio_Digital_2-300x225.jpg 300w, https:\/\/irosradiologiadigital.com.br\/wp-content\/uploads\/2021\/03\/Teleradio_Digital_2-768x576.jpg 768w, https:\/\/irosradiologiadigital.com.br\/wp-content\/uploads\/2021\/03\/Teleradio_Digital_2.jpg 776w\" sizes=\"(max-width: 251px) 100vw, 251px\" \/><\/a> <a href=\"http:\/\/irosradiologiadigital.com.br\/wp-content\/uploads\/2021\/03\/Teleradio_Digital_3.jpg\"><img loading=\"lazy\" class=\"alignleft wp-image-1136 \" src=\"http:\/\/irosradiologiadigital.com.br\/wp-content\/uploads\/2021\/03\/Teleradio_Digital_3-300x225.jpg\" alt=\"\" width=\"251\" height=\"188\" srcset=\"https:\/\/irosradiologiadigital.com.br\/wp-content\/uploads\/2021\/03\/Teleradio_Digital_3-300x225.jpg 300w, https:\/\/irosradiologiadigital.com.br\/wp-content\/uploads\/2021\/03\/Teleradio_Digital_3-768x576.jpg 768w, https:\/\/irosradiologiadigital.com.br\/wp-content\/uploads\/2021\/03\/Teleradio_Digital_3.jpg 776w\" sizes=\"(max-width: 251px) 100vw, 251px\" \/><\/a> <a href=\"http:\/\/irosradiologiadigital.com.br\/wp-content\/uploads\/2021\/03\/Teleradio_Digital_4.jpg\"><img loading=\"lazy\" class=\"alignleft wp-image-1137 \" src=\"http:\/\/irosradiologiadigital.com.br\/wp-content\/uploads\/2021\/03\/Teleradio_Digital_4-300x225.jpg\" alt=\"\" width=\"251\" height=\"188\" srcset=\"https:\/\/irosradiologiadigital.com.br\/wp-content\/uploads\/2021\/03\/Teleradio_Digital_4-300x225.jpg 300w, https:\/\/irosradiologiadigital.com.br\/wp-content\/uploads\/2021\/03\/Teleradio_Digital_4-768x576.jpg 768w, https:\/\/irosradiologiadigital.com.br\/wp-content\/uploads\/2021\/03\/Teleradio_Digital_4.jpg 776w\" sizes=\"(max-width: 251px) 100vw, 251px\" \/><\/a><\/p><\/div>\n\t\t\t\t<\/div>\n\t\t\t\t<\/div>\n\t\t\t\t\t\t<\/div>\n\t\t\t<\/div>\n\t\t<\/div>\n\t\t\t\t\t\t<\/div>\n\t\t\t<\/div>\n\t\t<\/section>\n\t\t\t\t<section class=\"elementor-element elementor-element-9e8636b elementor-section-boxed elementor-section-height-default elementor-section-height-default elementor-section elementor-top-section\" data-id=\"9e8636b\" data-element_type=\"section\">\n\t\t\t\t\t\t<div class=\"elementor-container elementor-column-gap-default\">\n\t\t\t\t<div class=\"elementor-row\">\n\t\t\t\t<div class=\"elementor-element elementor-element-28dd7a9 elementor-column elementor-col-100 elementor-top-column\" data-id=\"28dd7a9\" data-element_type=\"column\">\n\t\t\t<div class=\"elementor-column-wrap  elementor-element-populated\">\n\t\t\t\t\t<div class=\"elementor-widget-wrap\">\n\t\t\t\t<div class=\"elementor-element elementor-element-9ee5ec5 elementor-widget elementor-widget-spacer\" data-id=\"9ee5ec5\" data-element_type=\"widget\" data-widget_type=\"spacer.default\">\n\t\t\t\t<div class=\"elementor-widget-container\">\n\t\t\t\t\t<div class=\"elementor-spacer\">\n\t\t\t<div class=\"elementor-spacer-inner\"><\/div>\n\t\t<\/div>\n\t\t\t\t<\/div>\n\t\t\t\t<\/div>\n\t\t\t\t\t\t<\/div>\n\t\t\t<\/div>\n\t\t<\/div>\n\t\t\t\t\t\t<\/div>\n\t\t\t<\/div>\n\t\t<\/section>\n\t\t\t\t\t\t<\/div>\n\t\t\t<\/div>\n\t\t<\/div>\n\t\t","protected":false},"excerpt":{"rendered":"<p>TELERADIOGRAFIA DIGITAL \u00a0 Esta t\u00e9cnica \u00e9 utilizada para obten\u00e7\u00e3o de uma imagem radiogr\u00e1fica lateral do cr\u00e2nio para avalia\u00e7\u00f5es de cefalometria, onde ser\u00e1 realizado um tra\u00e7ado (desenho das estruturas \u00f3sseas e dentais) e an\u00e1lise computadorizada (c\u00e1lculos realizados pelo computador de suas dimens\u00f5es), para avalia\u00e7\u00f5es ortod\u00f4nticas em geral. Estas an\u00e1lises ir\u00e3o fornecer tra\u00e7ados de alta qualidade e [&hellip;]<\/p>\n","protected":false},"author":1,"featured_media":0,"parent":0,"menu_order":0,"comment_status":"closed","ping_status":"closed","template":"tpl-default-elementor.php","meta":[],"_links":{"self":[{"href":"https:\/\/irosradiologiadigital.com.br\/index.php\/wp-json\/wp\/v2\/pages\/1015"}],"collection":[{"href":"https:\/\/irosradiologiadigital.com.br\/index.php\/wp-json\/wp\/v2\/pages"}],"about":[{"href":"https:\/\/irosradiologiadigital.com.br\/index.php\/wp-json\/wp\/v2\/types\/page"}],"author":[{"embeddable":true,"href":"https:\/\/irosradiologiadigital.com.br\/index.php\/wp-json\/wp\/v2\/users\/1"}],"replies":[{"embeddable":true,"href":"https:\/\/irosradiologiadigital.com.br\/index.php\/wp-json\/wp\/v2\/comments?post=1015"}],"version-history":[{"count":4,"href":"https:\/\/irosradiologiadigital.com.br\/index.php\/wp-json\/wp\/v2\/pages\/1015\/revisions"}],"predecessor-version":[{"id":1139,"href":"https:\/\/irosradiologiadigital.com.br\/index.php\/wp-json\/wp\/v2\/pages\/1015\/revisions\/1139"}],"wp:attachment":[{"href":"https:\/\/irosradiologiadigital.com.br\/index.php\/wp-json\/wp\/v2\/media?parent=1015"}],"curies":[{"name":"wp","href":"https:\/\/api.w.org\/{rel}","templated":true}]}}