{"id":1013,"date":"2021-03-22T13:56:44","date_gmt":"2021-03-22T16:56:44","guid":{"rendered":"http:\/\/irosradiologiadigital.com.br\/?page_id=1013"},"modified":"2021-03-22T20:03:59","modified_gmt":"2021-03-22T23:03:59","slug":"panoramica-digital","status":"publish","type":"page","link":"https:\/\/irosradiologiadigital.com.br\/index.php\/panoramica-digital\/","title":{"rendered":"Panor\u00e2mica Digital"},"content":{"rendered":"\t\t<div data-elementor-type=\"wp-page\" data-elementor-id=\"1013\" class=\"elementor elementor-1013\" data-elementor-settings=\"[]\">\n\t\t\t<div class=\"elementor-inner\">\n\t\t\t\t<div class=\"elementor-section-wrap\">\n\t\t\t\t\t\t\t<section class=\"elementor-element elementor-element-16529a99 elementor-section-boxed elementor-section-height-default elementor-section-height-default elementor-section elementor-top-section\" data-id=\"16529a99\" data-element_type=\"section\">\n\t\t\t\t\t\t<div class=\"elementor-container elementor-column-gap-default\">\n\t\t\t\t<div class=\"elementor-row\">\n\t\t\t\t<div class=\"elementor-element elementor-element-403007f4 elementor-column elementor-col-100 elementor-top-column\" data-id=\"403007f4\" data-element_type=\"column\">\n\t\t\t<div class=\"elementor-column-wrap  elementor-element-populated\">\n\t\t\t\t\t<div class=\"elementor-widget-wrap\">\n\t\t\t\t<div class=\"elementor-element elementor-element-7cd7510 elementor-widget elementor-widget-spacer\" data-id=\"7cd7510\" data-element_type=\"widget\" data-widget_type=\"spacer.default\">\n\t\t\t\t<div class=\"elementor-widget-container\">\n\t\t\t\t\t<div class=\"elementor-spacer\">\n\t\t\t<div class=\"elementor-spacer-inner\"><\/div>\n\t\t<\/div>\n\t\t\t\t<\/div>\n\t\t\t\t<\/div>\n\t\t\t\t<div class=\"elementor-element elementor-element-42a7f7d2 elementor-widget elementor-widget-text-editor\" data-id=\"42a7f7d2\" data-element_type=\"widget\" data-widget_type=\"text-editor.default\">\n\t\t\t\t<div class=\"elementor-widget-container\">\n\t\t\t\t\t<div class=\"elementor-text-editor elementor-clearfix\"><h2>PANOR\u00c2MICA DIGITAL<\/h2><p>\u00a0<\/p><p>Esta radiografia pode ser associada ou n\u00e3o ao complemento da radiografia periapical. Tem grande utiliza\u00e7\u00e3o em pr\u00f3tese, ortodontia, cirurgia, diagn\u00f3sticos e acompanhamento de casos.<\/p><p>Possibilita em um mesmo exame (filme), a visualiza\u00e7\u00e3o das arcadas dent\u00e1rias, superior e inferior, seios maxilares, c\u00f4ndilos, processo estilohioideo, fraturas, avalia\u00e7\u00e3o de tratamento ortod\u00f4ntico, forma\u00e7\u00e3o e desenvolvimento dos dentes, avalia\u00e7\u00e3o periodontal, avalia\u00e7\u00e3o de implante, pr\u00f3tese, desdentados al\u00e9m da visualiza\u00e7\u00e3o geral de todos os dentes presentes bem como o tecido \u00f3sseo de suporte.<\/p><p>A utiliza\u00e7\u00e3o desta t\u00e9cnica radiogr\u00e1fica \u00e9 atualmente muito difundida na Odontologia, pois alia qualidade de imagem com pequenas doses de radia\u00e7\u00e3o (equivalente a 2 periapicais aproximadamente) e a um baixo custo para o paciente, al\u00e9m de facilitar a explica\u00e7\u00e3o dos procedimentos a serem executados, mostra a preocupa\u00e7\u00e3o do profissional com a vis\u00e3o mais geral do paciente, n\u00e3o ficando restrito somente a um dente.<\/p><p><a href=\"http:\/\/irosradiologiadigital.com.br\/wp-content\/uploads\/2021\/03\/Panor_1.jpg\"><img loading=\"lazy\" class=\"alignleft wp-image-1100 \" src=\"http:\/\/irosradiologiadigital.com.br\/wp-content\/uploads\/2021\/03\/Panor_1-300x225.jpg\" alt=\"\" width=\"240\" height=\"180\" srcset=\"https:\/\/irosradiologiadigital.com.br\/wp-content\/uploads\/2021\/03\/Panor_1-300x225.jpg 300w, https:\/\/irosradiologiadigital.com.br\/wp-content\/uploads\/2021\/03\/Panor_1-768x576.jpg 768w, https:\/\/irosradiologiadigital.com.br\/wp-content\/uploads\/2021\/03\/Panor_1.jpg 776w\" sizes=\"(max-width: 240px) 100vw, 240px\" \/><\/a> <a href=\"http:\/\/irosradiologiadigital.com.br\/wp-content\/uploads\/2021\/03\/Panor_2.jpg\"><img loading=\"lazy\" class=\"alignleft wp-image-1101 \" src=\"http:\/\/irosradiologiadigital.com.br\/wp-content\/uploads\/2021\/03\/Panor_2-300x225.jpg\" alt=\"\" width=\"239\" height=\"179\" srcset=\"https:\/\/irosradiologiadigital.com.br\/wp-content\/uploads\/2021\/03\/Panor_2-300x225.jpg 300w, https:\/\/irosradiologiadigital.com.br\/wp-content\/uploads\/2021\/03\/Panor_2-768x576.jpg 768w, https:\/\/irosradiologiadigital.com.br\/wp-content\/uploads\/2021\/03\/Panor_2.jpg 776w\" sizes=\"(max-width: 239px) 100vw, 239px\" \/><\/a> <a href=\"http:\/\/irosradiologiadigital.com.br\/wp-content\/uploads\/2021\/03\/Panor_3.jpg\"><img loading=\"lazy\" class=\"wp-image-1102  alignleft\" src=\"http:\/\/irosradiologiadigital.com.br\/wp-content\/uploads\/2021\/03\/Panor_3-300x225.jpg\" alt=\"\" width=\"240\" height=\"180\" srcset=\"https:\/\/irosradiologiadigital.com.br\/wp-content\/uploads\/2021\/03\/Panor_3-300x225.jpg 300w, https:\/\/irosradiologiadigital.com.br\/wp-content\/uploads\/2021\/03\/Panor_3-768x576.jpg 768w, https:\/\/irosradiologiadigital.com.br\/wp-content\/uploads\/2021\/03\/Panor_3.jpg 776w\" sizes=\"(max-width: 240px) 100vw, 240px\" \/><\/a> <a href=\"http:\/\/irosradiologiadigital.com.br\/wp-content\/uploads\/2021\/03\/Panor_4.jpg\"><img loading=\"lazy\" class=\"alignleft wp-image-1103 \" src=\"http:\/\/irosradiologiadigital.com.br\/wp-content\/uploads\/2021\/03\/Panor_4-300x225.jpg\" alt=\"\" width=\"240\" height=\"180\" srcset=\"https:\/\/irosradiologiadigital.com.br\/wp-content\/uploads\/2021\/03\/Panor_4-300x225.jpg 300w, https:\/\/irosradiologiadigital.com.br\/wp-content\/uploads\/2021\/03\/Panor_4-768x576.jpg 768w, https:\/\/irosradiologiadigital.com.br\/wp-content\/uploads\/2021\/03\/Panor_4.jpg 776w\" sizes=\"(max-width: 240px) 100vw, 240px\" \/><\/a> <a href=\"http:\/\/irosradiologiadigital.com.br\/wp-content\/uploads\/2021\/03\/Panor_5.jpg\"><img loading=\"lazy\" class=\"wp-image-1104  alignleft\" src=\"http:\/\/irosradiologiadigital.com.br\/wp-content\/uploads\/2021\/03\/Panor_5-300x225.jpg\" alt=\"\" width=\"240\" height=\"180\" srcset=\"https:\/\/irosradiologiadigital.com.br\/wp-content\/uploads\/2021\/03\/Panor_5-300x225.jpg 300w, https:\/\/irosradiologiadigital.com.br\/wp-content\/uploads\/2021\/03\/Panor_5-768x576.jpg 768w, https:\/\/irosradiologiadigital.com.br\/wp-content\/uploads\/2021\/03\/Panor_5.jpg 776w\" sizes=\"(max-width: 240px) 100vw, 240px\" \/><\/a> <a href=\"http:\/\/irosradiologiadigital.com.br\/wp-content\/uploads\/2021\/03\/Panor_6.jpg\"><img loading=\"lazy\" class=\"alignleft wp-image-1105 \" src=\"http:\/\/irosradiologiadigital.com.br\/wp-content\/uploads\/2021\/03\/Panor_6-300x225.jpg\" alt=\"\" width=\"240\" height=\"180\" srcset=\"https:\/\/irosradiologiadigital.com.br\/wp-content\/uploads\/2021\/03\/Panor_6-300x225.jpg 300w, https:\/\/irosradiologiadigital.com.br\/wp-content\/uploads\/2021\/03\/Panor_6-768x576.jpg 768w, https:\/\/irosradiologiadigital.com.br\/wp-content\/uploads\/2021\/03\/Panor_6.jpg 776w\" sizes=\"(max-width: 240px) 100vw, 240px\" \/><\/a> <a href=\"http:\/\/irosradiologiadigital.com.br\/wp-content\/uploads\/2021\/03\/Panor_7.jpg\"><img loading=\"lazy\" class=\"wp-image-1106  alignleft\" src=\"http:\/\/irosradiologiadigital.com.br\/wp-content\/uploads\/2021\/03\/Panor_7-300x225.jpg\" alt=\"\" width=\"239\" height=\"179\" srcset=\"https:\/\/irosradiologiadigital.com.br\/wp-content\/uploads\/2021\/03\/Panor_7-300x225.jpg 300w, https:\/\/irosradiologiadigital.com.br\/wp-content\/uploads\/2021\/03\/Panor_7-768x576.jpg 768w, https:\/\/irosradiologiadigital.com.br\/wp-content\/uploads\/2021\/03\/Panor_7.jpg 776w\" sizes=\"(max-width: 239px) 100vw, 239px\" \/><\/a> <a href=\"http:\/\/irosradiologiadigital.com.br\/wp-content\/uploads\/2021\/03\/Panor_8.jpg\"><img loading=\"lazy\" class=\"alignleft wp-image-1107 \" src=\"http:\/\/irosradiologiadigital.com.br\/wp-content\/uploads\/2021\/03\/Panor_8-300x140.jpg\" alt=\"\" width=\"283\" height=\"132\" srcset=\"https:\/\/irosradiologiadigital.com.br\/wp-content\/uploads\/2021\/03\/Panor_8-300x140.jpg 300w, https:\/\/irosradiologiadigital.com.br\/wp-content\/uploads\/2021\/03\/Panor_8.jpg 750w\" sizes=\"(max-width: 283px) 100vw, 283px\" \/><\/a><\/p><\/div>\n\t\t\t\t<\/div>\n\t\t\t\t<\/div>\n\t\t\t\t\t\t<\/div>\n\t\t\t<\/div>\n\t\t<\/div>\n\t\t\t\t\t\t<\/div>\n\t\t\t<\/div>\n\t\t<\/section>\n\t\t\t\t<section class=\"elementor-element elementor-element-7b2d63e elementor-section-boxed elementor-section-height-default elementor-section-height-default elementor-section elementor-top-section\" data-id=\"7b2d63e\" data-element_type=\"section\">\n\t\t\t\t\t\t<div class=\"elementor-container elementor-column-gap-default\">\n\t\t\t\t<div class=\"elementor-row\">\n\t\t\t\t<div class=\"elementor-element elementor-element-f0cfc40 elementor-column elementor-col-100 elementor-top-column\" data-id=\"f0cfc40\" data-element_type=\"column\">\n\t\t\t<div class=\"elementor-column-wrap  elementor-element-populated\">\n\t\t\t\t\t<div class=\"elementor-widget-wrap\">\n\t\t\t\t<div class=\"elementor-element elementor-element-722e3ff elementor-widget elementor-widget-spacer\" data-id=\"722e3ff\" data-element_type=\"widget\" data-widget_type=\"spacer.default\">\n\t\t\t\t<div class=\"elementor-widget-container\">\n\t\t\t\t\t<div class=\"elementor-spacer\">\n\t\t\t<div class=\"elementor-spacer-inner\"><\/div>\n\t\t<\/div>\n\t\t\t\t<\/div>\n\t\t\t\t<\/div>\n\t\t\t\t\t\t<\/div>\n\t\t\t<\/div>\n\t\t<\/div>\n\t\t\t\t\t\t<\/div>\n\t\t\t<\/div>\n\t\t<\/section>\n\t\t\t\t\t\t<\/div>\n\t\t\t<\/div>\n\t\t<\/div>\n\t\t","protected":false},"excerpt":{"rendered":"<p>PANOR\u00c2MICA DIGITAL \u00a0 Esta radiografia pode ser associada ou n\u00e3o ao complemento da radiografia periapical. Tem grande utiliza\u00e7\u00e3o em pr\u00f3tese, ortodontia, cirurgia, diagn\u00f3sticos e acompanhamento de casos. Possibilita em um mesmo exame (filme), a visualiza\u00e7\u00e3o das arcadas dent\u00e1rias, superior e inferior, seios maxilares, c\u00f4ndilos, processo estilohioideo, fraturas, avalia\u00e7\u00e3o de tratamento ortod\u00f4ntico, forma\u00e7\u00e3o e desenvolvimento dos [&hellip;]<\/p>\n","protected":false},"author":1,"featured_media":0,"parent":0,"menu_order":0,"comment_status":"closed","ping_status":"closed","template":"tpl-default-elementor.php","meta":[],"_links":{"self":[{"href":"https:\/\/irosradiologiadigital.com.br\/index.php\/wp-json\/wp\/v2\/pages\/1013"}],"collection":[{"href":"https:\/\/irosradiologiadigital.com.br\/index.php\/wp-json\/wp\/v2\/pages"}],"about":[{"href":"https:\/\/irosradiologiadigital.com.br\/index.php\/wp-json\/wp\/v2\/types\/page"}],"author":[{"embeddable":true,"href":"https:\/\/irosradiologiadigital.com.br\/index.php\/wp-json\/wp\/v2\/users\/1"}],"replies":[{"embeddable":true,"href":"https:\/\/irosradiologiadigital.com.br\/index.php\/wp-json\/wp\/v2\/comments?post=1013"}],"version-history":[{"count":5,"href":"https:\/\/irosradiologiadigital.com.br\/index.php\/wp-json\/wp\/v2\/pages\/1013\/revisions"}],"predecessor-version":[{"id":1109,"href":"https:\/\/irosradiologiadigital.com.br\/index.php\/wp-json\/wp\/v2\/pages\/1013\/revisions\/1109"}],"wp:attachment":[{"href":"https:\/\/irosradiologiadigital.com.br\/index.php\/wp-json\/wp\/v2\/media?parent=1013"}],"curies":[{"name":"wp","href":"https:\/\/api.w.org\/{rel}","templated":true}]}}