{"id":1009,"date":"2021-03-22T13:55:00","date_gmt":"2021-03-22T16:55:00","guid":{"rendered":"http:\/\/irosradiologiadigital.com.br\/?page_id=1009"},"modified":"2021-03-22T20:40:10","modified_gmt":"2021-03-22T23:40:10","slug":"atm-digital","status":"publish","type":"page","link":"https:\/\/irosradiologiadigital.com.br\/index.php\/atm-digital\/","title":{"rendered":"ATM Digital"},"content":{"rendered":"\t\t<div data-elementor-type=\"wp-page\" data-elementor-id=\"1009\" class=\"elementor elementor-1009\" data-elementor-settings=\"[]\">\n\t\t\t<div class=\"elementor-inner\">\n\t\t\t\t<div class=\"elementor-section-wrap\">\n\t\t\t\t\t\t\t<section class=\"elementor-element elementor-element-1b8d774 elementor-section-boxed elementor-section-height-default elementor-section-height-default elementor-section elementor-top-section\" data-id=\"1b8d774\" data-element_type=\"section\">\n\t\t\t\t\t\t<div class=\"elementor-container elementor-column-gap-default\">\n\t\t\t\t<div class=\"elementor-row\">\n\t\t\t\t<div class=\"elementor-element elementor-element-9f963f4 elementor-column elementor-col-100 elementor-top-column\" data-id=\"9f963f4\" data-element_type=\"column\">\n\t\t\t<div class=\"elementor-column-wrap  elementor-element-populated\">\n\t\t\t\t\t<div class=\"elementor-widget-wrap\">\n\t\t\t\t<div class=\"elementor-element elementor-element-703ae3e elementor-widget elementor-widget-spacer\" data-id=\"703ae3e\" data-element_type=\"widget\" data-widget_type=\"spacer.default\">\n\t\t\t\t<div class=\"elementor-widget-container\">\n\t\t\t\t\t<div class=\"elementor-spacer\">\n\t\t\t<div class=\"elementor-spacer-inner\"><\/div>\n\t\t<\/div>\n\t\t\t\t<\/div>\n\t\t\t\t<\/div>\n\t\t\t\t\t\t<\/div>\n\t\t\t<\/div>\n\t\t<\/div>\n\t\t\t\t\t\t<\/div>\n\t\t\t<\/div>\n\t\t<\/section>\n\t\t\t\t<section class=\"elementor-element elementor-element-240eb0d elementor-section-boxed elementor-section-height-default elementor-section-height-default elementor-section elementor-top-section\" data-id=\"240eb0d\" data-element_type=\"section\">\n\t\t\t\t\t\t<div class=\"elementor-container elementor-column-gap-default\">\n\t\t\t\t<div class=\"elementor-row\">\n\t\t\t\t<div class=\"elementor-element elementor-element-98e719f elementor-column elementor-col-100 elementor-top-column\" data-id=\"98e719f\" data-element_type=\"column\">\n\t\t\t<div class=\"elementor-column-wrap  elementor-element-populated\">\n\t\t\t\t\t<div class=\"elementor-widget-wrap\">\n\t\t\t\t<div class=\"elementor-element elementor-element-2153bb3 elementor-widget elementor-widget-heading\" data-id=\"2153bb3\" data-element_type=\"widget\" data-widget_type=\"heading.default\">\n\t\t\t\t<div class=\"elementor-widget-container\">\n\t\t\t<h2 class=\"elementor-heading-title elementor-size-default\">ATM DIGITAL<\/h2>\t\t<\/div>\n\t\t\t\t<\/div>\n\t\t\t\t<div class=\"elementor-element elementor-element-5817f96 elementor-widget elementor-widget-spacer\" data-id=\"5817f96\" data-element_type=\"widget\" data-widget_type=\"spacer.default\">\n\t\t\t\t<div class=\"elementor-widget-container\">\n\t\t\t\t\t<div class=\"elementor-spacer\">\n\t\t\t<div class=\"elementor-spacer-inner\"><\/div>\n\t\t<\/div>\n\t\t\t\t<\/div>\n\t\t\t\t<\/div>\n\t\t\t\t\t\t<\/div>\n\t\t\t<\/div>\n\t\t<\/div>\n\t\t\t\t\t\t<\/div>\n\t\t\t<\/div>\n\t\t<\/section>\n\t\t\t\t<section class=\"elementor-element elementor-element-194cb46c elementor-section-boxed elementor-section-height-default elementor-section-height-default elementor-section elementor-top-section\" data-id=\"194cb46c\" data-element_type=\"section\">\n\t\t\t\t\t\t<div class=\"elementor-container elementor-column-gap-default\">\n\t\t\t\t<div class=\"elementor-row\">\n\t\t\t\t<div class=\"elementor-element elementor-element-5b8e741b elementor-column elementor-col-100 elementor-top-column\" data-id=\"5b8e741b\" data-element_type=\"column\">\n\t\t\t<div class=\"elementor-column-wrap  elementor-element-populated\">\n\t\t\t\t\t<div class=\"elementor-widget-wrap\">\n\t\t\t\t<div class=\"elementor-element elementor-element-d76e79a elementor-widget elementor-widget-text-editor\" data-id=\"d76e79a\" data-element_type=\"widget\" data-widget_type=\"text-editor.default\">\n\t\t\t\t<div class=\"elementor-widget-container\">\n\t\t\t\t\t<div class=\"elementor-text-editor elementor-clearfix\"><p>As imagens radiogr\u00e1ficas desta regi\u00e3o s\u00e3o obtidas atrav\u00e9s da modifica\u00e7\u00e3o da radiografia panor\u00e2mica.<\/p><p>Esta t\u00e9cnica evidencia uma vis\u00e3o qualitativa da regi\u00e3o temporo-mandibular atrav\u00e9s de imagens laterais e\/ou frontais, que s\u00e3o realizadas em m\u00e1xima intercuspida\u00e7\u00e3o e abertura m\u00e1xima.<\/p><p><a href=\"http:\/\/irosradiologiadigital.com.br\/wp-content\/uploads\/2021\/03\/ATM_1.jpg\"><img loading=\"lazy\" class=\"alignleft wp-image-1042 \" src=\"http:\/\/irosradiologiadigital.com.br\/wp-content\/uploads\/2021\/03\/ATM_1-300x225.jpg\" alt=\"\" width=\"240\" height=\"180\" srcset=\"https:\/\/irosradiologiadigital.com.br\/wp-content\/uploads\/2021\/03\/ATM_1-300x225.jpg 300w, https:\/\/irosradiologiadigital.com.br\/wp-content\/uploads\/2021\/03\/ATM_1-768x576.jpg 768w, https:\/\/irosradiologiadigital.com.br\/wp-content\/uploads\/2021\/03\/ATM_1.jpg 776w\" sizes=\"(max-width: 240px) 100vw, 240px\" \/><\/a> <a href=\"http:\/\/irosradiologiadigital.com.br\/wp-content\/uploads\/2021\/03\/ATM_2.jpg\"><img loading=\"lazy\" class=\"alignleft wp-image-1043\" src=\"http:\/\/irosradiologiadigital.com.br\/wp-content\/uploads\/2021\/03\/ATM_2-300x225.jpg\" alt=\"\" width=\"240\" height=\"180\" srcset=\"https:\/\/irosradiologiadigital.com.br\/wp-content\/uploads\/2021\/03\/ATM_2-300x225.jpg 300w, https:\/\/irosradiologiadigital.com.br\/wp-content\/uploads\/2021\/03\/ATM_2-768x576.jpg 768w, https:\/\/irosradiologiadigital.com.br\/wp-content\/uploads\/2021\/03\/ATM_2.jpg 776w\" sizes=\"(max-width: 240px) 100vw, 240px\" \/><\/a> <a href=\"http:\/\/irosradiologiadigital.com.br\/wp-content\/uploads\/2021\/03\/ATM_3.jpg\"><img loading=\"lazy\" class=\"alignleft wp-image-1044\" src=\"http:\/\/irosradiologiadigital.com.br\/wp-content\/uploads\/2021\/03\/ATM_3-300x225.jpg\" alt=\"\" width=\"240\" height=\"180\" srcset=\"https:\/\/irosradiologiadigital.com.br\/wp-content\/uploads\/2021\/03\/ATM_3-300x225.jpg 300w, https:\/\/irosradiologiadigital.com.br\/wp-content\/uploads\/2021\/03\/ATM_3-768x576.jpg 768w, https:\/\/irosradiologiadigital.com.br\/wp-content\/uploads\/2021\/03\/ATM_3.jpg 776w\" sizes=\"(max-width: 240px) 100vw, 240px\" \/><\/a> <a href=\"http:\/\/irosradiologiadigital.com.br\/wp-content\/uploads\/2021\/03\/ATM_4.jpg\"><img loading=\"lazy\" class=\"alignleft wp-image-1045\" src=\"http:\/\/irosradiologiadigital.com.br\/wp-content\/uploads\/2021\/03\/ATM_4-300x225.jpg\" alt=\"\" width=\"240\" height=\"180\" srcset=\"https:\/\/irosradiologiadigital.com.br\/wp-content\/uploads\/2021\/03\/ATM_4-300x225.jpg 300w, https:\/\/irosradiologiadigital.com.br\/wp-content\/uploads\/2021\/03\/ATM_4-768x576.jpg 768w, https:\/\/irosradiologiadigital.com.br\/wp-content\/uploads\/2021\/03\/ATM_4.jpg 776w\" sizes=\"(max-width: 240px) 100vw, 240px\" \/><\/a><\/p><div class=\"vc_row row vc_row-fluid\"><div class=\"wpb_column vc_column_container vc_col-sm-12\"><div class=\"vc_column-inner\"><div class=\"wpb_wrapper\"><div class=\"wpb_text_column wpb_content_element\"><div class=\"wpb_wrapper\"><div id=\"ngg-gallery-3379-1\" class=\"ngg-galleryoverview ngg-ajax-pagination-none\"><div id=\"ngg-image-2\" class=\"ngg-gallery-thumbnail-box\"><div class=\"ngg-gallery-thumbnail\">\u00a0<\/div><\/div><div class=\"ngg-clear\">\u00a0<\/div><\/div><\/div><\/div><\/div><\/div><\/div><\/div><div class=\"vc_row row vc_row-fluid\"><div class=\"wpb_column vc_column_container vc_col-sm-12\"><div class=\"vc_column-inner\"><div class=\"wpb_wrapper\"><div class=\"wpb_text_column wpb_content_element\"><div class=\"wpb_wrapper\"><div class=\"vc_row row vc_row-fluid\"><div class=\"wpb_column vc_column_container vc_col-sm-12\"><div class=\"vc_column-inner\"><div class=\"wpb_wrapper\"><div class=\"wpb_text_column wpb_content_element\"><div class=\"wpb_wrapper\">\u00a0<\/div><\/div><\/div><\/div><\/div><\/div><\/div><\/div><\/div><\/div><\/div><\/div><\/div>\n\t\t\t\t<\/div>\n\t\t\t\t<\/div>\n\t\t\t\t\t\t<\/div>\n\t\t\t<\/div>\n\t\t<\/div>\n\t\t\t\t\t\t<\/div>\n\t\t\t<\/div>\n\t\t<\/section>\n\t\t\t\t<section class=\"elementor-element elementor-element-a9b17c1 elementor-section-boxed elementor-section-height-default elementor-section-height-default elementor-section elementor-top-section\" data-id=\"a9b17c1\" data-element_type=\"section\">\n\t\t\t\t\t\t<div class=\"elementor-container elementor-column-gap-default\">\n\t\t\t\t<div class=\"elementor-row\">\n\t\t\t\t<div class=\"elementor-element elementor-element-b723d29 elementor-column elementor-col-100 elementor-top-column\" data-id=\"b723d29\" data-element_type=\"column\">\n\t\t\t<div class=\"elementor-column-wrap  elementor-element-populated\">\n\t\t\t\t\t<div class=\"elementor-widget-wrap\">\n\t\t\t\t<div class=\"elementor-element elementor-element-98061d0 elementor-widget elementor-widget-spacer\" data-id=\"98061d0\" data-element_type=\"widget\" data-widget_type=\"spacer.default\">\n\t\t\t\t<div class=\"elementor-widget-container\">\n\t\t\t\t\t<div class=\"elementor-spacer\">\n\t\t\t<div class=\"elementor-spacer-inner\"><\/div>\n\t\t<\/div>\n\t\t\t\t<\/div>\n\t\t\t\t<\/div>\n\t\t\t\t\t\t<\/div>\n\t\t\t<\/div>\n\t\t<\/div>\n\t\t\t\t\t\t<\/div>\n\t\t\t<\/div>\n\t\t<\/section>\n\t\t\t\t\t\t<\/div>\n\t\t\t<\/div>\n\t\t<\/div>\n\t\t","protected":false},"excerpt":{"rendered":"<p>ATM DIGITAL As imagens radiogr\u00e1ficas desta regi\u00e3o s\u00e3o obtidas atrav\u00e9s da modifica\u00e7\u00e3o da radiografia panor\u00e2mica. Esta t\u00e9cnica evidencia uma vis\u00e3o qualitativa da regi\u00e3o temporo-mandibular atrav\u00e9s de imagens laterais e\/ou frontais, que s\u00e3o realizadas em m\u00e1xima intercuspida\u00e7\u00e3o e abertura m\u00e1xima. \u00a0\u00a0\u00a0<\/p>\n","protected":false},"author":1,"featured_media":0,"parent":0,"menu_order":0,"comment_status":"closed","ping_status":"closed","template":"tpl-default-elementor.php","meta":[],"_links":{"self":[{"href":"https:\/\/irosradiologiadigital.com.br\/index.php\/wp-json\/wp\/v2\/pages\/1009"}],"collection":[{"href":"https:\/\/irosradiologiadigital.com.br\/index.php\/wp-json\/wp\/v2\/pages"}],"about":[{"href":"https:\/\/irosradiologiadigital.com.br\/index.php\/wp-json\/wp\/v2\/types\/page"}],"author":[{"embeddable":true,"href":"https:\/\/irosradiologiadigital.com.br\/index.php\/wp-json\/wp\/v2\/users\/1"}],"replies":[{"embeddable":true,"href":"https:\/\/irosradiologiadigital.com.br\/index.php\/wp-json\/wp\/v2\/comments?post=1009"}],"version-history":[{"count":8,"href":"https:\/\/irosradiologiadigital.com.br\/index.php\/wp-json\/wp\/v2\/pages\/1009\/revisions"}],"predecessor-version":[{"id":1069,"href":"https:\/\/irosradiologiadigital.com.br\/index.php\/wp-json\/wp\/v2\/pages\/1009\/revisions\/1069"}],"wp:attachment":[{"href":"https:\/\/irosradiologiadigital.com.br\/index.php\/wp-json\/wp\/v2\/media?parent=1009"}],"curies":[{"name":"wp","href":"https:\/\/api.w.org\/{rel}","templated":true}]}}